{"id":8506,"date":"2020-12-07T22:17:16","date_gmt":"2020-12-07T21:17:16","guid":{"rendered":"https:\/\/langbrovardshus.se\/christmas-table-at-home-or-at-work\/"},"modified":"2020-12-07T23:38:06","modified_gmt":"2020-12-07T22:38:06","slug":"christmas-table-at-home-or-at-work","status":"publish","type":"page","link":"https:\/\/langbrovardshus.se\/en\/christmas-table-at-home-or-at-work\/","title":{"rendered":"Christmas table at home or at work"},"content":{"rendered":"<p>[et_pb_section fb_built=&#8221;1&#8243; fullwidth=&#8221;on&#8221; _builder_version=&#8221;4.0.9&#8243;][et_pb_fullwidth_header text_orientation=&#8221;center&#8221; header_scroll_down=&#8221;on&#8221; scroll_down_icon=&#8221;%%1%%&#8221; scroll_down_icon_size=&#8221;60px&#8221; admin_label=&#8221;Fullbredd sidhuvud&#8221; _builder_version=&#8221;4.6.4&#8243; background_color=&#8221;rgba(0,0,0,0)&#8221; background_image=&#8221;https:\/\/langbrovardshus.se\/wp-content\/uploads\/2020\/12\/julbord-hemma-eller-pa-jobbet-catering.jpg&#8221; parallax=&#8221;on&#8221; parallax_method=&#8221;on&#8221; height=&#8221;80vh&#8221; height_tablet=&#8221;&#8221; height_phone=&#8221;70vh&#8221; height_last_edited=&#8221;on|phone&#8221; custom_margin=&#8221;||||false|false&#8221; animation_style=&#8221;fade&#8221; hover_enabled=&#8221;0&#8243; z_index_tablet=&#8221;500&#8243; title_text_shadow_horizontal_length_tablet=&#8221;0px&#8221; title_text_shadow_vertical_length_tablet=&#8221;0px&#8221; title_text_shadow_blur_strength_tablet=&#8221;1px&#8221; content_text_shadow_horizontal_length_tablet=&#8221;0px&#8221; content_text_shadow_vertical_length_tablet=&#8221;0px&#8221; content_text_shadow_blur_strength_tablet=&#8221;1px&#8221; subhead_text_shadow_horizontal_length_tablet=&#8221;0px&#8221; subhead_text_shadow_vertical_length_tablet=&#8221;0px&#8221; subhead_text_shadow_blur_strength_tablet=&#8221;1px&#8221; content_link_text_shadow_horizontal_length_tablet=&#8221;0px&#8221; content_link_text_shadow_vertical_length_tablet=&#8221;0px&#8221; content_link_text_shadow_blur_strength_tablet=&#8221;1px&#8221; content_ul_text_shadow_horizontal_length_tablet=&#8221;0px&#8221; content_ul_text_shadow_vertical_length_tablet=&#8221;0px&#8221; content_ul_text_shadow_blur_strength_tablet=&#8221;1px&#8221; content_ol_text_shadow_horizontal_length_tablet=&#8221;0px&#8221; content_ol_text_shadow_vertical_length_tablet=&#8221;0px&#8221; content_ol_text_shadow_blur_strength_tablet=&#8221;1px&#8221; content_quote_text_shadow_horizontal_length_tablet=&#8221;0px&#8221; content_quote_text_shadow_vertical_length_tablet=&#8221;0px&#8221; content_quote_text_shadow_blur_strength_tablet=&#8221;1px&#8221; button_one_text_shadow_horizontal_length_tablet=&#8221;0px&#8221; button_one_text_shadow_vertical_length_tablet=&#8221;0px&#8221; button_one_text_shadow_blur_strength_tablet=&#8221;1px&#8221; button_two_text_shadow_horizontal_length_tablet=&#8221;0px&#8221; button_two_text_shadow_vertical_length_tablet=&#8221;0px&#8221; button_two_text_shadow_blur_strength_tablet=&#8221;1px&#8221; box_shadow_horizontal_tablet=&#8221;0px&#8221; box_shadow_vertical_tablet=&#8221;0px&#8221; box_shadow_blur_tablet=&#8221;40px&#8221; box_shadow_spread_tablet=&#8221;0px&#8221; box_shadow_horizontal_image_tablet=&#8221;0px&#8221; box_shadow_vertical_image_tablet=&#8221;0px&#8221; box_shadow_blur_image_tablet=&#8221;40px&#8221; box_shadow_spread_image_tablet=&#8221;0px&#8221; box_shadow_horizontal_button_one_tablet=&#8221;0px&#8221; box_shadow_vertical_button_one_tablet=&#8221;0px&#8221; box_shadow_blur_button_one_tablet=&#8221;40px&#8221; box_shadow_spread_button_one_tablet=&#8221;0px&#8221; box_shadow_horizontal_button_two_tablet=&#8221;0px&#8221; box_shadow_vertical_button_two_tablet=&#8221;0px&#8221; box_shadow_blur_button_two_tablet=&#8221;40px&#8221; box_shadow_spread_button_two_tablet=&#8221;0px&#8221; text_shadow_horizontal_length_tablet=&#8221;0px&#8221; text_shadow_vertical_length_tablet=&#8221;0px&#8221; text_shadow_blur_strength_tablet=&#8221;1px&#8221; sticky_enabled=&#8221;0&#8243;]<\/p>\n<div class=\"button-container\"><a class=\"btn\" href=\"https:\/\/www.nationalmuseum.se\/bes%C3%B6k-museet\/restaurangen\/catering\" target=\"_blank\" rel=\"nofollow noopener noreferrer\"><i><\/i>Order christmas food <i class=\"icon icon-round icon-arrow-right-black\"><\/i><\/a><\/div>\n<p style=\"text-align: center;\">(Link to restaurant Nationalmuseum)<\/p>\n<p>[\/et_pb_fullwidth_header][\/et_pb_section][et_pb_section fb_built=&#8221;1&#8243; module_class=&#8221;section-aktuellt&#8221; _builder_version=&#8221;4.0.9&#8243; z_index_tablet=&#8221;500&#8243; box_shadow_horizontal_tablet=&#8221;0px&#8221; box_shadow_vertical_tablet=&#8221;0px&#8221; box_shadow_blur_tablet=&#8221;40px&#8221; box_shadow_spread_tablet=&#8221;0px&#8221;][et_pb_row _builder_version=&#8221;4.0.9&#8243;][et_pb_column type=&#8221;4_4&#8243; _builder_version=&#8221;4.0.9&#8243;][et_pb_text _builder_version=&#8221;4.6.4&#8243; z_index_tablet=&#8221;500&#8243; text_text_shadow_horizontal_length_tablet=&#8221;0px&#8221; text_text_shadow_vertical_length_tablet=&#8221;0px&#8221; text_text_shadow_blur_strength_tablet=&#8221;1px&#8221; link_text_shadow_horizontal_length_tablet=&#8221;0px&#8221; link_text_shadow_vertical_length_tablet=&#8221;0px&#8221; link_text_shadow_blur_strength_tablet=&#8221;1px&#8221; ul_text_shadow_horizontal_length_tablet=&#8221;0px&#8221; ul_text_shadow_vertical_length_tablet=&#8221;0px&#8221; ul_text_shadow_blur_strength_tablet=&#8221;1px&#8221; ol_text_shadow_horizontal_length_tablet=&#8221;0px&#8221; ol_text_shadow_vertical_length_tablet=&#8221;0px&#8221; ol_text_shadow_blur_strength_tablet=&#8221;1px&#8221; quote_text_shadow_horizontal_length_tablet=&#8221;0px&#8221; quote_text_shadow_vertical_length_tablet=&#8221;0px&#8221; quote_text_shadow_blur_strength_tablet=&#8221;1px&#8221; header_text_shadow_horizontal_length_tablet=&#8221;0px&#8221; header_text_shadow_vertical_length_tablet=&#8221;0px&#8221; header_text_shadow_blur_strength_tablet=&#8221;1px&#8221; header_2_text_shadow_horizontal_length_tablet=&#8221;0px&#8221; header_2_text_shadow_vertical_length_tablet=&#8221;0px&#8221; header_2_text_shadow_blur_strength_tablet=&#8221;1px&#8221; header_3_text_shadow_horizontal_length_tablet=&#8221;0px&#8221; header_3_text_shadow_vertical_length_tablet=&#8221;0px&#8221; header_3_text_shadow_blur_strength_tablet=&#8221;1px&#8221; header_4_text_shadow_horizontal_length_tablet=&#8221;0px&#8221; header_4_text_shadow_vertical_length_tablet=&#8221;0px&#8221; header_4_text_shadow_blur_strength_tablet=&#8221;1px&#8221; header_5_text_shadow_horizontal_length_tablet=&#8221;0px&#8221; header_5_text_shadow_vertical_length_tablet=&#8221;0px&#8221; header_5_text_shadow_blur_strength_tablet=&#8221;1px&#8221; header_6_text_shadow_horizontal_length_tablet=&#8221;0px&#8221; header_6_text_shadow_vertical_length_tablet=&#8221;0px&#8221; header_6_text_shadow_blur_strength_tablet=&#8221;1px&#8221; box_shadow_horizontal_tablet=&#8221;0px&#8221; box_shadow_vertical_tablet=&#8221;0px&#8221; box_shadow_blur_tablet=&#8221;40px&#8221; box_shadow_spread_tablet=&#8221;0px&#8221;]<\/p>\n<p style=\"text-align: center;\">Experience a real<\/p>\n<h1 style=\"text-align: center;\">Christmas table at home or at work<\/h1>\n<blockquote>\n<p style=\"text-align: center;\">Do you want to enjoy delicious Christmas food at home or at your company? Order Fredrik Eriksson&#8217;s Christmas catering at your home or for collection.<\/p>\n<\/blockquote>\n<p>Between the 24th of November and the 23rd of December, we offer catering of Fredrik Eriksson&#8217;s well-cooked and talked about Christmas food. Choose from two smaller versions of the Christmas table, or a\u00a0 Christmas plate.<\/p>\n<p>The first variant of the Christmas table can be picked up at the National Museum or L\u00e5ngbro v\u00e4rdshus on three occasions: 18, 22 or 23 December.<br \/>The second variant of the Christmas table and the Christmas plate can be picked up at restaurant Nationalmuseum or delivered as per your wish.<\/p>\n<p>Send in your request via the booking form or book at info@restaurangnationalmuseum.se no later than 3 days in advance.<\/p>\n<p style=\"text-align: center;\"><a class=\"btn\" href=\"https:\/\/www.nationalmuseum.se\/bes%C3%B6k-museet\/restaurangen\/catering\" target=\"_blank\" rel=\"nofollow noopener noreferrer\"><i><\/i>Order Christmas food <i class=\"icon icon-round icon-arrow-right-black\"><\/i><\/a><\/p>\n<p>[\/et_pb_text][\/et_pb_column][\/et_pb_row][et_pb_row custom_padding_last_edited=&#8221;on|tablet&#8221; module_class=&#8221;meny-container&#8221; _builder_version=&#8221;4.0.9&#8243; custom_padding=&#8221;|50px||50px|false|false&#8221; custom_padding_tablet=&#8221;|0px||0px|false|false&#8221; custom_padding_phone=&#8221;|0px|||false|false&#8221;][et_pb_column type=&#8221;4_4&#8243; _builder_version=&#8221;4.0.9&#8243;][et_pb_text _builder_version=&#8221;4.6.4&#8243;]<\/p>\n<h2>Christmas table for pickup, December 18, 22 or 23<\/h2>\n<p>Book at info@restaurangnationalmuseum.se no later than 3 days in advance.<br \/>We can only accept payment via Swish on these occasions.<br \/>350 :- \/ person\u00a0<\/p>\n<p>Wort bread from our bakery<br \/>Kvibille Cheddar National &#8211; Restaurant Nationalmuseum&#8217;s Cheddar cheese flavored with OP Bj\u00f6rk<br \/>Butter from Arla Unika<br \/>L\u00e5ngbro herring<br \/>Pickled herring<br \/>Raw herring with bleak roe<br \/>Fried pickled herring<br \/>Skagen mixture<br \/>Raw salmon with dill and butler sauce<br \/>NM&#8217;s smoked salmon with roasted beets and horseradish sour cream<br \/>Boiled salmon with dill mayonnaise and cucumber<br \/>Red cabbage salad with orange and roasted nuts<br \/>Kale salad with apple and honey<br \/>Game tureen<br \/>Grilled Nibble Ham with coarse mustard<br \/>Jansson&#8217;s Temptation<\/p>\n<h3>To add<\/h3>\n<p>Meatballs for 2, SEK 45<br \/>Long-baked Pork Side with orange and allspice for 2, SEK 65<br \/>2 kinds of Arla Unika cheeses with fig jam and seed biscuits SEK 65<br \/>Saffron pancake with blackberry jam for 2 SEK 65<br \/>Chocolate break with nuts and dried fruit and butterscotch 30: &#8211;<\/p>\n<h2>Christmas table<\/h2>\n<p>The food is delivered on disposable plates and picked up, or delivered at delivery costs.<br \/>SEK 400 kr \/ person. 8 people minimum.<\/p>\n<h3>Cold<\/h3>\n<p>Crispbread from Skedvi and Wort bread from our bakery<br \/>Kvibille Cheddar National &#8211; Restaurant Nationalmuseum&#8217;s Cheddar cheese flavored with OP Bj\u00f6rk<br \/>Butter from Arla Unika<br \/>L\u00e5ngbro herring<br \/>Pickled herring<br \/>Matjessill from Norr\u00f6na with sour cream and red onion<br \/>Raw herring with bleak roe<br \/>Egg half with Skagen mixture<br \/>Raw salmon loin with dill and butler sauce<br \/>Restaurant Nationalmuseum&#8217;s cold smoked salmon with roasted beets and sour cream<br \/>Shrimp salad with Nobis dressing<br \/>Red cabbage salad with orange and roasted nuts<br \/>Kale salad with apple<br \/>Grilled Christmas ham with coarse mustard<\/p>\n<h3>Warm<\/h3>\n<p>Jansson&#8217;s Temptation<br \/>Christmas-spiced meatballs<br \/>Roasted root vegetables with honey and herbs<br \/>Dill-cooked potatoes<br \/>(pre-cooked vacuum-packed to heat on site, or uncooked vacuum-packed to cook yourself)<\/p>\n<h3>Sweet<\/h3>\n<p>Saffron pancake with raw berries and cream<br \/>Apple mazarine<br \/>Butterscotch<\/p>\n<p>[\/et_pb_text][et_pb_text _builder_version=&#8221;4.6.4&#8243; _module_preset=&#8221;default&#8221;]<\/p>\n<h2>Christmas plate<\/h2>\n<p>The food is delivered in portions on disposable items and picked up at the Nationalmuseum restaurant or delivered at delivery costs.<br \/>255 kr \/ person. 8 people minimum.<\/p>\n<h3>On plate<\/h3>\n<p>Long broccoli<br \/>Pickled herring<br \/>Matjes herring from Norr\u00f6na with sour cream and red onion<br \/>Raw herring with bleak roe<br \/>Half egg half with skagen mixture<br \/>Raw salmon loin with dill and butler sauce<br \/>Kale salad with apple<br \/>Grilled Christmas ham with coarse mustard<br \/>NM&#8217;s Christmas spiced meatballs<br \/>Beetroot salad<\/p>\n<h3>On the side<\/h3>\n<p>Crispbread from Skedvi and Wort bread from our bakery<br \/>Kvibille Cheddar National &#8211; Restaurant Nationalmuseum&#8217;s Cheddar cheese flavored with OP Bj\u00f6rk<br \/>Butter from Arla Unika<br \/>Dill-cooked potatoes<br \/>(pre-cooked vacuum-packed to heat on site, or raw, vacuum-packed to cook on site<\/p>\n<h3>Extra dessert plate<\/h3>\n<p>65 kr \/ person<\/p>\n<p>Saffron pancake with raw berries and cream<br \/>Apple mazarine<br \/>Butterscotch<\/p>\n<p>[\/et_pb_text][\/et_pb_column][\/et_pb_row][\/et_pb_section][et_pb_section fb_built=&#8221;1&#8243; _builder_version=&#8221;4.6.4&#8243; _module_preset=&#8221;default&#8221;][et_pb_row _builder_version=&#8221;4.6.4&#8243; _module_preset=&#8221;default&#8221;][et_pb_column type=&#8221;4_4&#8243; _builder_version=&#8221;4.6.4&#8243; _module_preset=&#8221;default&#8221;][et_pb_text _builder_version=&#8221;4.6.4&#8243; _module_preset=&#8221;default&#8221;]<\/p>\n<p style=\"text-align: center;\"><a class=\"btn\" href=\"https:\/\/www.nationalmuseum.se\/bes%C3%B6k-museet\/restaurangen\/catering\" target=\"_blank\" rel=\"nofollow noopener noreferrer\"><i><\/i>Order Christmas food<\/a><\/p>\n<p style=\"text-align: center;\">(Link to order form at restaurant Nationalmuseum)<\/p>\n<p>[\/et_pb_text][\/et_pb_column][\/et_pb_row][\/et_pb_section][et_pb_section fb_built=&#8221;1&#8243; admin_label=&#8221;Sidfot&#8221; module_id=&#8221;footer&#8221; _builder_version=&#8221;4.0.11&#8243; custom_margin_tablet=&#8221;&#8221; custom_margin_phone=&#8221;&#8221; custom_margin_last_edited=&#8221;on|phone&#8221; custom_padding=&#8221;||||false|false&#8221; global_module=&#8221;239&#8243; saved_tabs=&#8221;all&#8221; collapsed=&#8221;off&#8221;][et_pb_row admin_label=&#8221;Extra marginal ovanf\u00f6r sidfoten&#8221; _builder_version=&#8221;4.0.9&#8243;][et_pb_column type=&#8221;4_4&#8243; _builder_version=&#8221;4.0.9&#8243;][\/et_pb_column][\/et_pb_row][et_pb_row column_structure=&#8221;1_3,1_3,1_3&#8243; custom_padding_last_edited=&#8221;on|tablet&#8221; module_class=&#8221;row-footer&#8221; _builder_version=&#8221;4.0.11&#8243; custom_padding=&#8221;|6%||6%|false|false&#8221; custom_padding_tablet=&#8221;|||50px|false|false&#8221; custom_padding_phone=&#8221;&#8221;][et_pb_column type=&#8221;1_3&#8243; _builder_version=&#8221;4.0.9&#8243;][et_pb_text admin_label=&#8221;\u00d6ppettider&#8221; _builder_version=&#8221;4.6.4&#8243;]<\/p>\n<p><a class=\"btn\" href=\"https:\/\/langbrovardshus.se\/boka-bord-pa-langbro-vardshus\/\">Book a table<i class=\"icon icon-arrow-right\"><\/i><\/a><\/p>\n<h2>Opening hours<\/h2>\n<h3>Lunch<\/h3>\n<p>Monday &#8211; Friday 11.00\u00a0 &#8211; 14.00<\/p>\n<h3>Weekend lunch<\/h3>\n<p>Saturday &amp; Sunday\u00a0 11.30\u00a0 &#8211; 14.30<br \/> (From January 9, 2021)<\/p>\n<h3>Evening menu<\/h3>\n<p>Monday &#8211; Thursday\u00a0\u00a017.00 &#8211; 21.00<br \/> Friday &amp; Saturday\u00a0 \u00a0 \u00a017.00 &#8211; 21.00<br \/>Sunday\u00a0 \u00a0 17.00 &#8211; 19.oo<\/p>\n<p>L\u00e5ngbro Bar<br \/>Monday 11.00-21.00<br \/>Tuesday &#8211; Thursday 11.00 -22.00<br \/>Friday 11.00 &#8211; 22.00<br \/>Saturday 11.30 &#8211; 22.00<br \/>Sunday 12.00 &#8211; 19.00<\/p>\n<p>[\/et_pb_text][\/et_pb_column][et_pb_column type=&#8221;1_3&#8243; _builder_version=&#8221;4.0.9&#8243;][et_pb_text admin_label=&#8221;Hitta hit&#8221; _builder_version=&#8221;4.5.7&#8243;]<\/p>\n<p><a class=\"btn\" href=\"https:\/\/langbrovardshus.se\/en\/manor-of-the-chief-physician\/getting-to-langbro-vardshus\/\">Getting here<i class=\"icon icon-map-pin\"><\/i><\/a><\/p>\n<h2>Address<\/h2>\n<p><a href=\"https:\/\/goo.gl\/maps\/CrkTMGJN76Z1g4Fd9\" target=\"_blank\" rel=\"noopener noreferrer\">Stora mans v\u00e4g 4<br \/> 125 59 \u00c4lvsj\u00f6<\/a><\/p>\n<p>&nbsp;<\/p>\n<h2>Contact<\/h2>\n<p><a href=\"mailto:info@langbrovardshus.se\">info@langbrovardshus.se<\/a><br \/> Tel: <a href=\"tel:+46086460050\">+46 8-646 00 50<\/a><\/p>\n<p>&nbsp;<\/p>\n<p>[\/et_pb_text][\/et_pb_column][et_pb_column type=&#8221;1_3&#8243; _builder_version=&#8221;4.0.9&#8243;][et_pb_text admin_label=&#8221;L\u00e4nkar&#8221; _builder_version=&#8221;4.5.7&#8243;]<\/p>\n<h2>Our restaurants<\/h2>\n<p><a class=\"btn btn-logo-national\" href=\"https:\/\/www.nationalmuseum.se\/bes%C3%B6k-museet\/restaurangen\">Nationalmus\u00e9um<\/a><\/p>\n<p><img loading=\"lazy\" decoding=\"async\" class=\"wp-image-1642 alignnone size-full\" src=\"https:\/\/langbrovardshus.se\/wp-content\/uploads\/2019\/11\/logo-langbro-vansterstalld-vit.png\" alt=\"\" width=\"104\" height=\"29\" \/><\/p>\n<p>[\/et_pb_text][\/et_pb_column][\/et_pb_row][et_pb_row _builder_version=&#8221;4.0.9&#8243; custom_padding=&#8221;0px||0px||false|false&#8221;][et_pb_column type=&#8221;4_4&#8243; _builder_version=&#8221;4.0.9&#8243;][et_pb_code admin_label=&#8221;Sociala media-knappar&#8221; module_class=&#8221;social-media-container&#8221; _builder_version=&#8221;4.0.9&#8243;]<a class=\"facebook\" href=\"https:\/\/www.facebook.com\/langbrovardshus\/\" target=\"_blank\" rel=\"nofollow noopener noreferrer\">Follow L\u00e5ngbro v\u00e4rdshus on Facebook<\/a><!-- [et_pb_line_break_holder] --><a class=\"instagram\" href=\"https:\/\/www.instagram.com\/langbrovardshus\/\" target=\"_blank\" rel=\"nofollow noopener noreferrer\">Follow L\u00e5ngbro v\u00e4rdshus on Instagram<\/a><!-- [et_pb_line_break_holder] --><!-- [et_pb_line_break_holder] -->[\/et_pb_code][\/et_pb_column][\/et_pb_row][\/et_pb_section]<\/p>\n","protected":false},"excerpt":{"rendered":"<p>Order christmas food (Link to restaurant Nationalmuseum)Experience a real Christmas table at home or at work Do you want to enjoy delicious Christmas food at home or at your company? Order Fredrik Eriksson&#8217;s Christmas catering at your home or for collection. Between the 24th of November and the 23rd of December, we offer catering of [&hellip;]<\/p>\n","protected":false},"author":8,"featured_media":0,"parent":0,"menu_order":0,"comment_status":"closed","ping_status":"closed","template":"","meta":{"_et_pb_use_builder":"on","_et_pb_old_content":"","_et_gb_content_width":"","footnotes":"","_wp_rev_ctl_limit":""},"class_list":["post-8506","page","type-page","status-publish","hentry"],"yoast_head":"<!-- This site is optimized with the Yoast SEO plugin v27.1.1 - https:\/\/yoast.com\/product\/yoast-seo-wordpress\/ -->\n<title>Christmas table in Stockholm, at home or at work<\/title>\n<meta name=\"description\" content=\"This year you can have Fredrik Eriksson&#039;s Christmas food at home for your family or at the office with your colleagues. Safe, simple and tasty.\" \/>\n<meta name=\"robots\" content=\"index, follow, max-snippet:-1, max-image-preview:large, max-video-preview:-1\" \/>\n<link rel=\"canonical\" href=\"https:\/\/langbrovardshus.se\/en\/christmas-table-at-home-or-at-work\/\" \/>\n<meta property=\"og:locale\" content=\"en_US\" \/>\n<meta property=\"og:type\" content=\"article\" \/>\n<meta property=\"og:title\" content=\"Christmas table in Stockholm, at home or at work\" \/>\n<meta property=\"og:description\" content=\"This year you can have Fredrik Eriksson&#039;s Christmas food at home for your family or at the office with your colleagues. Safe, simple and tasty.\" \/>\n<meta property=\"og:url\" content=\"https:\/\/langbrovardshus.se\/en\/christmas-table-at-home-or-at-work\/\" \/>\n<meta property=\"og:site_name\" content=\"L\u00e5ngbro v\u00e4rdshus\" \/>\n<meta property=\"article:publisher\" content=\"https:\/\/www.facebook.com\/langbrovardshus\/\" \/>\n<meta property=\"article:modified_time\" content=\"2020-12-07T22:38:06+00:00\" \/>\n<meta property=\"og:image\" content=\"https:\/\/langbrovardshus.se\/wp-content\/uploads\/2019\/11\/logo-langbro-vansterstalld-vit.png\" \/>\n<meta name=\"twitter:card\" content=\"summary_large_image\" \/>\n<meta name=\"twitter:label1\" content=\"Est. reading time\" \/>\n\t<meta name=\"twitter:data1\" content=\"8 minutes\" \/>\n<script type=\"application\/ld+json\" class=\"yoast-schema-graph\">{\"@context\":\"https:\/\/schema.org\",\"@graph\":[{\"@type\":\"WebPage\",\"@id\":\"https:\/\/langbrovardshus.se\/en\/christmas-table-at-home-or-at-work\/\",\"url\":\"https:\/\/langbrovardshus.se\/en\/christmas-table-at-home-or-at-work\/\",\"name\":\"Christmas table in Stockholm, at home or at work\",\"isPartOf\":{\"@id\":\"https:\/\/langbrovardshus.se\/en\/#website\"},\"primaryImageOfPage\":{\"@id\":\"https:\/\/langbrovardshus.se\/en\/christmas-table-at-home-or-at-work\/#primaryimage\"},\"image\":{\"@id\":\"https:\/\/langbrovardshus.se\/en\/christmas-table-at-home-or-at-work\/#primaryimage\"},\"thumbnailUrl\":\"https:\/\/langbrovardshus.se\/wp-content\/uploads\/2019\/11\/logo-langbro-vansterstalld-vit.png\",\"datePublished\":\"2020-12-07T21:17:16+00:00\",\"dateModified\":\"2020-12-07T22:38:06+00:00\",\"description\":\"This year you can have Fredrik Eriksson's Christmas food at home for your family or at the office with your colleagues. Safe, simple and tasty.\",\"breadcrumb\":{\"@id\":\"https:\/\/langbrovardshus.se\/en\/christmas-table-at-home-or-at-work\/#breadcrumb\"},\"inLanguage\":\"en-US\",\"potentialAction\":[{\"@type\":\"ReadAction\",\"target\":[\"https:\/\/langbrovardshus.se\/en\/christmas-table-at-home-or-at-work\/\"]}]},{\"@type\":\"ImageObject\",\"inLanguage\":\"en-US\",\"@id\":\"https:\/\/langbrovardshus.se\/en\/christmas-table-at-home-or-at-work\/#primaryimage\",\"url\":\"https:\/\/langbrovardshus.se\/wp-content\/uploads\/2019\/11\/logo-langbro-vansterstalld-vit.png\",\"contentUrl\":\"https:\/\/langbrovardshus.se\/wp-content\/uploads\/2019\/11\/logo-langbro-vansterstalld-vit.png\"},{\"@type\":\"BreadcrumbList\",\"@id\":\"https:\/\/langbrovardshus.se\/en\/christmas-table-at-home-or-at-work\/#breadcrumb\",\"itemListElement\":[{\"@type\":\"ListItem\",\"position\":1,\"name\":\"Home\",\"item\":\"https:\/\/langbrovardshus.se\/en\/\"},{\"@type\":\"ListItem\",\"position\":2,\"name\":\"Christmas table at home or at work\"}]},{\"@type\":\"WebSite\",\"@id\":\"https:\/\/langbrovardshus.se\/en\/#website\",\"url\":\"https:\/\/langbrovardshus.se\/en\/\",\"name\":\"L\u00e5ngbro V\u00e4rdshus\",\"description\":\"L\u00e5ngbro V\u00e4rdshus sk\u00f6na atmosf\u00e4r och personliga bem\u00f6tande i v\u00e4nlig milj\u00f6.\",\"potentialAction\":[{\"@type\":\"SearchAction\",\"target\":{\"@type\":\"EntryPoint\",\"urlTemplate\":\"https:\/\/langbrovardshus.se\/en\/?s={search_term_string}\"},\"query-input\":{\"@type\":\"PropertyValueSpecification\",\"valueRequired\":true,\"valueName\":\"search_term_string\"}}],\"inLanguage\":\"en-US\"}]}<\/script>\n<!-- \/ Yoast SEO plugin. -->","yoast_head_json":{"title":"Christmas table in Stockholm, at home or at work","description":"This year you can have Fredrik Eriksson's Christmas food at home for your family or at the office with your colleagues. Safe, simple and tasty.","robots":{"index":"index","follow":"follow","max-snippet":"max-snippet:-1","max-image-preview":"max-image-preview:large","max-video-preview":"max-video-preview:-1"},"canonical":"https:\/\/langbrovardshus.se\/en\/christmas-table-at-home-or-at-work\/","og_locale":"en_US","og_type":"article","og_title":"Christmas table in Stockholm, at home or at work","og_description":"This year you can have Fredrik Eriksson's Christmas food at home for your family or at the office with your colleagues. Safe, simple and tasty.","og_url":"https:\/\/langbrovardshus.se\/en\/christmas-table-at-home-or-at-work\/","og_site_name":"L\u00e5ngbro v\u00e4rdshus","article_publisher":"https:\/\/www.facebook.com\/langbrovardshus\/","article_modified_time":"2020-12-07T22:38:06+00:00","og_image":[{"url":"https:\/\/langbrovardshus.se\/wp-content\/uploads\/2019\/11\/logo-langbro-vansterstalld-vit.png","type":"","width":"","height":""}],"twitter_card":"summary_large_image","twitter_misc":{"Est. reading time":"8 minutes"},"schema":{"@context":"https:\/\/schema.org","@graph":[{"@type":"WebPage","@id":"https:\/\/langbrovardshus.se\/en\/christmas-table-at-home-or-at-work\/","url":"https:\/\/langbrovardshus.se\/en\/christmas-table-at-home-or-at-work\/","name":"Christmas table in Stockholm, at home or at work","isPartOf":{"@id":"https:\/\/langbrovardshus.se\/en\/#website"},"primaryImageOfPage":{"@id":"https:\/\/langbrovardshus.se\/en\/christmas-table-at-home-or-at-work\/#primaryimage"},"image":{"@id":"https:\/\/langbrovardshus.se\/en\/christmas-table-at-home-or-at-work\/#primaryimage"},"thumbnailUrl":"https:\/\/langbrovardshus.se\/wp-content\/uploads\/2019\/11\/logo-langbro-vansterstalld-vit.png","datePublished":"2020-12-07T21:17:16+00:00","dateModified":"2020-12-07T22:38:06+00:00","description":"This year you can have Fredrik Eriksson's Christmas food at home for your family or at the office with your colleagues. Safe, simple and tasty.","breadcrumb":{"@id":"https:\/\/langbrovardshus.se\/en\/christmas-table-at-home-or-at-work\/#breadcrumb"},"inLanguage":"en-US","potentialAction":[{"@type":"ReadAction","target":["https:\/\/langbrovardshus.se\/en\/christmas-table-at-home-or-at-work\/"]}]},{"@type":"ImageObject","inLanguage":"en-US","@id":"https:\/\/langbrovardshus.se\/en\/christmas-table-at-home-or-at-work\/#primaryimage","url":"https:\/\/langbrovardshus.se\/wp-content\/uploads\/2019\/11\/logo-langbro-vansterstalld-vit.png","contentUrl":"https:\/\/langbrovardshus.se\/wp-content\/uploads\/2019\/11\/logo-langbro-vansterstalld-vit.png"},{"@type":"BreadcrumbList","@id":"https:\/\/langbrovardshus.se\/en\/christmas-table-at-home-or-at-work\/#breadcrumb","itemListElement":[{"@type":"ListItem","position":1,"name":"Home","item":"https:\/\/langbrovardshus.se\/en\/"},{"@type":"ListItem","position":2,"name":"Christmas table at home or at work"}]},{"@type":"WebSite","@id":"https:\/\/langbrovardshus.se\/en\/#website","url":"https:\/\/langbrovardshus.se\/en\/","name":"L\u00e5ngbro V\u00e4rdshus","description":"L\u00e5ngbro V\u00e4rdshus sk\u00f6na atmosf\u00e4r och personliga bem\u00f6tande i v\u00e4nlig milj\u00f6.","potentialAction":[{"@type":"SearchAction","target":{"@type":"EntryPoint","urlTemplate":"https:\/\/langbrovardshus.se\/en\/?s={search_term_string}"},"query-input":{"@type":"PropertyValueSpecification","valueRequired":true,"valueName":"search_term_string"}}],"inLanguage":"en-US"}]}},"_links":{"self":[{"href":"https:\/\/langbrovardshus.se\/en\/wp-json\/wp\/v2\/pages\/8506","targetHints":{"allow":["GET"]}}],"collection":[{"href":"https:\/\/langbrovardshus.se\/en\/wp-json\/wp\/v2\/pages"}],"about":[{"href":"https:\/\/langbrovardshus.se\/en\/wp-json\/wp\/v2\/types\/page"}],"author":[{"embeddable":true,"href":"https:\/\/langbrovardshus.se\/en\/wp-json\/wp\/v2\/users\/8"}],"replies":[{"embeddable":true,"href":"https:\/\/langbrovardshus.se\/en\/wp-json\/wp\/v2\/comments?post=8506"}],"version-history":[{"count":0,"href":"https:\/\/langbrovardshus.se\/en\/wp-json\/wp\/v2\/pages\/8506\/revisions"}],"wp:attachment":[{"href":"https:\/\/langbrovardshus.se\/en\/wp-json\/wp\/v2\/media?parent=8506"}],"curies":[{"name":"wp","href":"https:\/\/api.w.org\/{rel}","templated":true}]}}