{"id":1445,"date":"2020-01-27T12:36:49","date_gmt":"2020-01-27T11:36:49","guid":{"rendered":"https:\/\/langbrovardshus.se\/fresh-produce\/"},"modified":"2020-01-29T21:31:39","modified_gmt":"2020-01-29T20:31:39","slug":"fresh-produce","status":"publish","type":"page","link":"https:\/\/langbrovardshus.se\/en\/the-kitchen\/fresh-produce\/","title":{"rendered":"Fresh produce"},"content":{"rendered":"<p>[et_pb_section fb_built=&#8221;1&#8243; fullwidth=&#8221;on&#8221; _builder_version=&#8221;4.0.9&#8243;][et_pb_fullwidth_header header_scroll_down=&#8221;on&#8221; scroll_down_icon=&#8221;%%1%%&#8221; scroll_down_icon_size=&#8221;60px&#8221; admin_label=&#8221;Fullbredd sidhuvud&#8221; _builder_version=&#8221;4.0.9&#8243; background_color=&#8221;rgba(0,0,0,0)&#8221; background_image=&#8221;https:\/\/langbrovardshus.se\/wp-content\/uploads\/2019\/12\/svenska-morotter-langbrovardshus.jpg&#8221; parallax=&#8221;on&#8221; parallax_method=&#8221;on&#8221; height=&#8221;80vh&#8221; height_tablet=&#8221;&#8221; height_phone=&#8221;70vh&#8221; height_last_edited=&#8221;on|desktop&#8221; animation_style=&#8221;fade&#8221; z_index_tablet=&#8221;500&#8243; title_text_shadow_horizontal_length_tablet=&#8221;0px&#8221; title_text_shadow_vertical_length_tablet=&#8221;0px&#8221; title_text_shadow_blur_strength_tablet=&#8221;1px&#8221; content_text_shadow_horizontal_length_tablet=&#8221;0px&#8221; content_text_shadow_vertical_length_tablet=&#8221;0px&#8221; content_text_shadow_blur_strength_tablet=&#8221;1px&#8221; subhead_text_shadow_horizontal_length_tablet=&#8221;0px&#8221; subhead_text_shadow_vertical_length_tablet=&#8221;0px&#8221; subhead_text_shadow_blur_strength_tablet=&#8221;1px&#8221; content_link_text_shadow_horizontal_length_tablet=&#8221;0px&#8221; content_link_text_shadow_vertical_length_tablet=&#8221;0px&#8221; content_link_text_shadow_blur_strength_tablet=&#8221;1px&#8221; content_ul_text_shadow_horizontal_length_tablet=&#8221;0px&#8221; content_ul_text_shadow_vertical_length_tablet=&#8221;0px&#8221; content_ul_text_shadow_blur_strength_tablet=&#8221;1px&#8221; content_ol_text_shadow_horizontal_length_tablet=&#8221;0px&#8221; content_ol_text_shadow_vertical_length_tablet=&#8221;0px&#8221; content_ol_text_shadow_blur_strength_tablet=&#8221;1px&#8221; content_quote_text_shadow_horizontal_length_tablet=&#8221;0px&#8221; content_quote_text_shadow_vertical_length_tablet=&#8221;0px&#8221; content_quote_text_shadow_blur_strength_tablet=&#8221;1px&#8221; button_one_text_shadow_horizontal_length_tablet=&#8221;0px&#8221; button_one_text_shadow_vertical_length_tablet=&#8221;0px&#8221; button_one_text_shadow_blur_strength_tablet=&#8221;1px&#8221; button_two_text_shadow_horizontal_length_tablet=&#8221;0px&#8221; button_two_text_shadow_vertical_length_tablet=&#8221;0px&#8221; button_two_text_shadow_blur_strength_tablet=&#8221;1px&#8221; box_shadow_horizontal_tablet=&#8221;0px&#8221; box_shadow_vertical_tablet=&#8221;0px&#8221; box_shadow_blur_tablet=&#8221;40px&#8221; box_shadow_spread_tablet=&#8221;0px&#8221; box_shadow_horizontal_image_tablet=&#8221;0px&#8221; box_shadow_vertical_image_tablet=&#8221;0px&#8221; box_shadow_blur_image_tablet=&#8221;40px&#8221; box_shadow_spread_image_tablet=&#8221;0px&#8221; box_shadow_horizontal_button_one_tablet=&#8221;0px&#8221; box_shadow_vertical_button_one_tablet=&#8221;0px&#8221; box_shadow_blur_button_one_tablet=&#8221;40px&#8221; box_shadow_spread_button_one_tablet=&#8221;0px&#8221; box_shadow_horizontal_button_two_tablet=&#8221;0px&#8221; box_shadow_vertical_button_two_tablet=&#8221;0px&#8221; box_shadow_blur_button_two_tablet=&#8221;40px&#8221; box_shadow_spread_button_two_tablet=&#8221;0px&#8221; text_shadow_horizontal_length_tablet=&#8221;0px&#8221; text_shadow_vertical_length_tablet=&#8221;0px&#8221; text_shadow_blur_strength_tablet=&#8221;1px&#8221; saved_tabs=&#8221;all&#8221;][\/et_pb_fullwidth_header][\/et_pb_section][et_pb_section fb_built=&#8221;1&#8243; module_class=&#8221;section-aktuellt&#8221; _builder_version=&#8221;4.0.9&#8243; z_index_tablet=&#8221;500&#8243; box_shadow_horizontal_tablet=&#8221;0px&#8221; box_shadow_vertical_tablet=&#8221;0px&#8221; box_shadow_blur_tablet=&#8221;40px&#8221; box_shadow_spread_tablet=&#8221;0px&#8221;][et_pb_row _builder_version=&#8221;4.0.9&#8243;][et_pb_column type=&#8221;4_4&#8243; _builder_version=&#8221;4.0.9&#8243;][et_pb_text _builder_version=&#8221;4.0.9&#8243;]<\/p>\n<h1 style=\"text-align: center;\">Fresh produce<\/h1>\n<p>Our food is made from the ground up, using carefully selected ingredients. Our chefs&#8217; sense of recognising and utilising fresh produce and flavours is important. Curiosity means that we are never standing still, and we&#8217;re always finding ways to renew ourselves and surprise our guests. We&#8217;re inviting you as a guest to join us and create our journey forward.[\/et_pb_text][et_pb_image src=&#8221;https:\/\/langbrovardshus.se\/wp-content\/uploads\/2019\/12\/paprika-langbrovardshus.jpg&#8221; _builder_version=&#8221;4.0.9&#8243;][\/et_pb_image][et_pb_text _builder_version=&#8221;4.0.9&#8243;]<\/p>\n<p>At L\u00e5ngbro V\u00e4rdshus you can try many different dishes made from the season&#8217;s ingredients, often from everything that Sweden has to offer from the sea, forest, garden and farms.<\/p>\n<p>&nbsp;[\/et_pb_text][et_pb_image src=&#8221;https:\/\/langbrovardshus.se\/wp-content\/uploads\/2019\/12\/bonor-fran-bondens-skafferi-langbrovardshus.jpg&#8221; _builder_version=&#8221;4.0.9&#8243;][\/et_pb_image][et_pb_text _builder_version=&#8221;4.0.9&#8243;]<\/p>\n<p>We work closely with selected producers. The Hagshult cows give us unique meat, Jurss dairy and Almn\u00e4s Bruk deliver amazing cheese, Stens\u00e5kra and Jokkmokk&#8217;s smokehouses bring us sausages and pork, Stommen long gives us cured meats and Gl\u00e4ntan supply us with game. Our\u00a0Swedish oysters come from Havstenssundsostron, and Bondens skafferi give us produce from their small-scale vegetable farms.<\/p>\n<p>[\/et_pb_text][et_pb_image src=&#8221;https:\/\/langbrovardshus.se\/wp-content\/uploads\/2019\/12\/svensk-blomkal-langbrovardshus.jpg&#8221; _builder_version=&#8221;4.0.9&#8243;][\/et_pb_image][et_pb_text _builder_version=&#8221;4.0.9&#8243;]<\/p>\n<p>We strive to be a sustainable restaurant that contributes to a better future. Our handling of raw materials is crucial and we are careful about choices and purchases so that our guests can feel secure about what they eat with us. We always strive to make the most out of every part of the meat and produce we use. It requires creativity and skill in the kitchen, and you as a guest will discover many good flavours and dishes inspired by the ingredients in the kitchen.<\/p>\n<p>[\/et_pb_text][\/et_pb_column][\/et_pb_row][\/et_pb_section][et_pb_section fb_built=&#8221;1&#8243; admin_label=&#8221;Sidfot&#8221; module_id=&#8221;footer&#8221; _builder_version=&#8221;4.0.9&#8243; global_module=&#8221;239&#8243; saved_tabs=&#8221;all&#8221;][et_pb_row admin_label=&#8221;Avdelare&#8221; _builder_version=&#8221;4.0.9&#8243;][et_pb_column type=&#8221;4_4&#8243; _builder_version=&#8221;4.0.9&#8243;][\/et_pb_column][\/et_pb_row][et_pb_row column_structure=&#8221;1_3,1_3,1_3&#8243; custom_padding_last_edited=&#8221;on|phone&#8221; module_class=&#8221;row-footer&#8221; _builder_version=&#8221;4.0.9&#8243; custom_padding=&#8221;|6%||6%|false|false&#8221; custom_padding_tablet=&#8221;|||50px|false|false&#8221; custom_padding_phone=&#8221;&#8221;][et_pb_column type=&#8221;1_3&#8243; _builder_version=&#8221;4.0.9&#8243;][et_pb_text admin_label=&#8221;\u00d6ppettider&#8221; _builder_version=&#8221;4.0.9&#8243;]<a class=\"btn\" href=\"\/?page_id=291\">Bok a table<\/a><\/p>\n<h2>Opening hours<\/h2>\n<h3>Lunch<\/h3>\n<p>Monday\u2013Friday 11-14<\/p>\n<h3>L\u00e5ngbro bar<\/h3>\n<p>Monday\u2013Friday 11-24<br \/>\nSaturday 11.30-24.00<br \/>\nSunday 12.00-22.00<\/p>\n<p>&nbsp;[\/et_pb_text][\/et_pb_column][et_pb_column type=&#8221;1_3&#8243; _builder_version=&#8221;4.0.9&#8243;][et_pb_text admin_label=&#8221;Hitta hit&#8221; _builder_version=&#8221;4.0.9&#8243;]<a class=\"btn\" href=\"https:\/\/langbrovardshus.se\/en\/manor-of-the-chief-physician\/getting-to-langbro-vardshus\/\">Find us<i class=\"icon icon-map-pin\"><\/i><\/a><\/p>\n<h2>Address<\/h2>\n<p><a href=\"https:\/\/goo.gl\/maps\/CrkTMGJN76Z1g4Fd9\" target=\"_blank\" rel=\"noopener noreferrer\">Stora mans v\u00e4g 4<br \/>\n125 59 \u00c4lvsj\u00f6<\/a><\/p>\n<p>&nbsp;<\/p>\n<h2>Contact us<\/h2>\n<p>&nbsp;<\/p>\n<p><a href=\"mailto:info@langbrovardshus.se\">info@langbrovardshus.se<\/a><br \/>\nTel: <a href=\"tel:+46086460050\">08-646 00 50<\/a><br \/>\nFax: 08-646 14 90<\/p>\n<p>&nbsp;[\/et_pb_text][\/et_pb_column][et_pb_column type=&#8221;1_3&#8243; _builder_version=&#8221;4.0.9&#8243;][et_pb_text admin_label=&#8221;L\u00e4nkar&#8221; _builder_version=&#8221;4.0.9&#8243;]<a class=\"btn\" href=\"\/?page_id=585\">Gift cards<i class=\"icon icon-arrow-right\"><\/i><\/a><\/p>\n<h2>Our restaurants<\/h2>\n<p><a class=\"btn btn-logo-national\" href=\"https:\/\/www.nationalmuseum.se\/bes%C3%B6k-museet\/restaurangen\">Nationalmus\u00e9um<\/a><\/p>\n<p><img loading=\"lazy\" decoding=\"async\" class=\"wp-image-1642 alignnone size-full\" src=\"https:\/\/langbrovardshus.se\/wp-content\/uploads\/2019\/11\/logo-langbro-vansterstalld-vit.png\" alt=\"\" width=\"104\" height=\"29\" \/>[\/et_pb_text][\/et_pb_column][\/et_pb_row][et_pb_row _builder_version=&#8221;4.0.9&#8243; custom_padding=&#8221;0px||0px||false|false&#8221;][et_pb_column type=&#8221;4_4&#8243; _builder_version=&#8221;4.0.9&#8243;][et_pb_code admin_label=&#8221;Sociala media-knappar&#8221; module_class=&#8221;social-media-container&#8221; _builder_version=&#8221;4.0.9&#8243;]<a href=\"https:\/\/www.facebook.com\/langbrovardshus\/\" target=\"_blank\" rel=\"nofollow noopener noreferrer\" class=\"facebook\">F\u00f6lj L\u00e5ngbro v\u00e4rdshus p\u00e5 Facebook<\/a><!-- [et_pb_line_break_holder] --><a href=\"https:\/\/www.instagram.com\/langbrovardshus\/\" target=\"_blank\" rel=\"nofollow noopener noreferrer\" class=\"instagram\">F\u00f6lj L\u00e5ngbro v\u00e4rdshus p\u00e5 Instagram<\/a><!-- [et_pb_line_break_holder] --><!-- [et_pb_line_break_holder] -->[\/et_pb_code][\/et_pb_column][\/et_pb_row][\/et_pb_section]<\/p>\n","protected":false},"excerpt":{"rendered":"<p>Fresh produce Our food is made from the ground up, using carefully selected ingredients. Our chefs&#8217; sense of recognising and utilising fresh produce and flavours is important. Curiosity means that we are never standing still, and we&#8217;re always finding ways to renew ourselves and surprise our guests. We&#8217;re inviting you as a guest to join [&hellip;]<\/p>\n","protected":false},"author":1,"featured_media":0,"parent":1447,"menu_order":0,"comment_status":"closed","ping_status":"closed","template":"","meta":{"_et_pb_use_builder":"on","_et_pb_old_content":"","_et_gb_content_width":"","footnotes":"","_wp_rev_ctl_limit":""},"class_list":["post-1445","page","type-page","status-publish","hentry"],"yoast_head":"<!-- This site is optimized with the Yoast SEO plugin v27.3 - https:\/\/yoast.com\/product\/yoast-seo-wordpress\/ -->\n<title>Fresh produce is the foundation for our future<\/title>\n<meta name=\"description\" content=\"Our food is made from the ground up, using carefully selected ingredients. Our chefs&#039; sense of recognising and utilising fresh produce and flavours is important. Curiosity means that we are never standing still, and we&#039;re always finding ways to renew ourselves and surprise our guests. We&#039;re inviting you as a guest to join us and create our journey forward.\" \/>\n<meta name=\"robots\" content=\"index, follow, max-snippet:-1, max-image-preview:large, max-video-preview:-1\" \/>\n<link rel=\"canonical\" href=\"https:\/\/langbrovardshus.se\/en\/the-kitchen\/fresh-produce\/\" \/>\n<meta property=\"og:locale\" content=\"en_US\" \/>\n<meta property=\"og:type\" content=\"article\" \/>\n<meta property=\"og:title\" content=\"Fresh produce is the foundation for our future\" \/>\n<meta property=\"og:description\" content=\"Our food is made from the ground up, using carefully selected ingredients. Our chefs&#039; sense of recognising and utilising fresh produce and flavours is important. Curiosity means that we are never standing still, and we&#039;re always finding ways to renew ourselves and surprise our guests. We&#039;re inviting you as a guest to join us and create our journey forward.\" \/>\n<meta property=\"og:url\" content=\"https:\/\/langbrovardshus.se\/en\/the-kitchen\/fresh-produce\/\" \/>\n<meta property=\"og:site_name\" content=\"L\u00e5ngbro v\u00e4rdshus\" \/>\n<meta property=\"article:publisher\" content=\"https:\/\/www.facebook.com\/langbrovardshus\/\" \/>\n<meta property=\"article:modified_time\" content=\"2020-01-29T20:31:39+00:00\" \/>\n<meta property=\"og:image\" content=\"https:\/\/langbrovardshus.se\/wp-content\/uploads\/2019\/11\/logo-langbro-vansterstalld-vit.png\" \/>\n<meta name=\"twitter:card\" content=\"summary_large_image\" \/>\n<meta name=\"twitter:label1\" content=\"Est. reading time\" \/>\n\t<meta name=\"twitter:data1\" content=\"5 minutes\" \/>\n<script type=\"application\/ld+json\" class=\"yoast-schema-graph\">{\"@context\":\"https:\\\/\\\/schema.org\",\"@graph\":[{\"@type\":\"WebPage\",\"@id\":\"https:\\\/\\\/langbrovardshus.se\\\/en\\\/the-kitchen\\\/fresh-produce\\\/\",\"url\":\"https:\\\/\\\/langbrovardshus.se\\\/en\\\/the-kitchen\\\/fresh-produce\\\/\",\"name\":\"Fresh produce is the foundation for our future\",\"isPartOf\":{\"@id\":\"https:\\\/\\\/langbrovardshus.se\\\/en\\\/#website\"},\"primaryImageOfPage\":{\"@id\":\"https:\\\/\\\/langbrovardshus.se\\\/en\\\/the-kitchen\\\/fresh-produce\\\/#primaryimage\"},\"image\":{\"@id\":\"https:\\\/\\\/langbrovardshus.se\\\/en\\\/the-kitchen\\\/fresh-produce\\\/#primaryimage\"},\"thumbnailUrl\":\"https:\\\/\\\/langbrovardshus.se\\\/wp-content\\\/uploads\\\/2019\\\/11\\\/logo-langbro-vansterstalld-vit.png\",\"datePublished\":\"2020-01-27T11:36:49+00:00\",\"dateModified\":\"2020-01-29T20:31:39+00:00\",\"description\":\"Our food is made from the ground up, using carefully selected ingredients. Our chefs' sense of recognising and utilising fresh produce and flavours is important. Curiosity means that we are never standing still, and we're always finding ways to renew ourselves and surprise our guests. We're inviting you as a guest to join us and create our journey forward.\",\"breadcrumb\":{\"@id\":\"https:\\\/\\\/langbrovardshus.se\\\/en\\\/the-kitchen\\\/fresh-produce\\\/#breadcrumb\"},\"inLanguage\":\"en-US\",\"potentialAction\":[{\"@type\":\"ReadAction\",\"target\":[\"https:\\\/\\\/langbrovardshus.se\\\/en\\\/the-kitchen\\\/fresh-produce\\\/\"]}]},{\"@type\":\"ImageObject\",\"inLanguage\":\"en-US\",\"@id\":\"https:\\\/\\\/langbrovardshus.se\\\/en\\\/the-kitchen\\\/fresh-produce\\\/#primaryimage\",\"url\":\"https:\\\/\\\/langbrovardshus.se\\\/wp-content\\\/uploads\\\/2019\\\/11\\\/logo-langbro-vansterstalld-vit.png\",\"contentUrl\":\"https:\\\/\\\/langbrovardshus.se\\\/wp-content\\\/uploads\\\/2019\\\/11\\\/logo-langbro-vansterstalld-vit.png\"},{\"@type\":\"BreadcrumbList\",\"@id\":\"https:\\\/\\\/langbrovardshus.se\\\/en\\\/the-kitchen\\\/fresh-produce\\\/#breadcrumb\",\"itemListElement\":[{\"@type\":\"ListItem\",\"position\":1,\"name\":\"Home\",\"item\":\"https:\\\/\\\/langbrovardshus.se\\\/en\\\/\"},{\"@type\":\"ListItem\",\"position\":2,\"name\":\"The kitchen\",\"item\":\"https:\\\/\\\/langbrovardshus.se\\\/en\\\/koket\\\/\"},{\"@type\":\"ListItem\",\"position\":3,\"name\":\"Fresh produce\"}]},{\"@type\":\"WebSite\",\"@id\":\"https:\\\/\\\/langbrovardshus.se\\\/en\\\/#website\",\"url\":\"https:\\\/\\\/langbrovardshus.se\\\/en\\\/\",\"name\":\"L\u00e5ngbro V\u00e4rdshus\",\"description\":\"L\u00e5ngbro V\u00e4rdshus sk\u00f6na atmosf\u00e4r och personliga bem\u00f6tande i v\u00e4nlig milj\u00f6.\",\"potentialAction\":[{\"@type\":\"SearchAction\",\"target\":{\"@type\":\"EntryPoint\",\"urlTemplate\":\"https:\\\/\\\/langbrovardshus.se\\\/en\\\/?s={search_term_string}\"},\"query-input\":{\"@type\":\"PropertyValueSpecification\",\"valueRequired\":true,\"valueName\":\"search_term_string\"}}],\"inLanguage\":\"en-US\"}]}<\/script>\n<!-- \/ Yoast SEO plugin. -->","yoast_head_json":{"title":"Fresh produce is the foundation for our future","description":"Our food is made from the ground up, using carefully selected ingredients. Our chefs' sense of recognising and utilising fresh produce and flavours is important. Curiosity means that we are never standing still, and we're always finding ways to renew ourselves and surprise our guests. We're inviting you as a guest to join us and create our journey forward.","robots":{"index":"index","follow":"follow","max-snippet":"max-snippet:-1","max-image-preview":"max-image-preview:large","max-video-preview":"max-video-preview:-1"},"canonical":"https:\/\/langbrovardshus.se\/en\/the-kitchen\/fresh-produce\/","og_locale":"en_US","og_type":"article","og_title":"Fresh produce is the foundation for our future","og_description":"Our food is made from the ground up, using carefully selected ingredients. Our chefs' sense of recognising and utilising fresh produce and flavours is important. Curiosity means that we are never standing still, and we're always finding ways to renew ourselves and surprise our guests. We're inviting you as a guest to join us and create our journey forward.","og_url":"https:\/\/langbrovardshus.se\/en\/the-kitchen\/fresh-produce\/","og_site_name":"L\u00e5ngbro v\u00e4rdshus","article_publisher":"https:\/\/www.facebook.com\/langbrovardshus\/","article_modified_time":"2020-01-29T20:31:39+00:00","og_image":[{"url":"https:\/\/langbrovardshus.se\/wp-content\/uploads\/2019\/11\/logo-langbro-vansterstalld-vit.png","type":"","width":"","height":""}],"twitter_card":"summary_large_image","twitter_misc":{"Est. reading time":"5 minutes"},"schema":{"@context":"https:\/\/schema.org","@graph":[{"@type":"WebPage","@id":"https:\/\/langbrovardshus.se\/en\/the-kitchen\/fresh-produce\/","url":"https:\/\/langbrovardshus.se\/en\/the-kitchen\/fresh-produce\/","name":"Fresh produce is the foundation for our future","isPartOf":{"@id":"https:\/\/langbrovardshus.se\/en\/#website"},"primaryImageOfPage":{"@id":"https:\/\/langbrovardshus.se\/en\/the-kitchen\/fresh-produce\/#primaryimage"},"image":{"@id":"https:\/\/langbrovardshus.se\/en\/the-kitchen\/fresh-produce\/#primaryimage"},"thumbnailUrl":"https:\/\/langbrovardshus.se\/wp-content\/uploads\/2019\/11\/logo-langbro-vansterstalld-vit.png","datePublished":"2020-01-27T11:36:49+00:00","dateModified":"2020-01-29T20:31:39+00:00","description":"Our food is made from the ground up, using carefully selected ingredients. Our chefs' sense of recognising and utilising fresh produce and flavours is important. Curiosity means that we are never standing still, and we're always finding ways to renew ourselves and surprise our guests. We're inviting you as a guest to join us and create our journey forward.","breadcrumb":{"@id":"https:\/\/langbrovardshus.se\/en\/the-kitchen\/fresh-produce\/#breadcrumb"},"inLanguage":"en-US","potentialAction":[{"@type":"ReadAction","target":["https:\/\/langbrovardshus.se\/en\/the-kitchen\/fresh-produce\/"]}]},{"@type":"ImageObject","inLanguage":"en-US","@id":"https:\/\/langbrovardshus.se\/en\/the-kitchen\/fresh-produce\/#primaryimage","url":"https:\/\/langbrovardshus.se\/wp-content\/uploads\/2019\/11\/logo-langbro-vansterstalld-vit.png","contentUrl":"https:\/\/langbrovardshus.se\/wp-content\/uploads\/2019\/11\/logo-langbro-vansterstalld-vit.png"},{"@type":"BreadcrumbList","@id":"https:\/\/langbrovardshus.se\/en\/the-kitchen\/fresh-produce\/#breadcrumb","itemListElement":[{"@type":"ListItem","position":1,"name":"Home","item":"https:\/\/langbrovardshus.se\/en\/"},{"@type":"ListItem","position":2,"name":"The kitchen","item":"https:\/\/langbrovardshus.se\/en\/koket\/"},{"@type":"ListItem","position":3,"name":"Fresh produce"}]},{"@type":"WebSite","@id":"https:\/\/langbrovardshus.se\/en\/#website","url":"https:\/\/langbrovardshus.se\/en\/","name":"L\u00e5ngbro V\u00e4rdshus","description":"L\u00e5ngbro V\u00e4rdshus sk\u00f6na atmosf\u00e4r och personliga bem\u00f6tande i v\u00e4nlig milj\u00f6.","potentialAction":[{"@type":"SearchAction","target":{"@type":"EntryPoint","urlTemplate":"https:\/\/langbrovardshus.se\/en\/?s={search_term_string}"},"query-input":{"@type":"PropertyValueSpecification","valueRequired":true,"valueName":"search_term_string"}}],"inLanguage":"en-US"}]}},"_links":{"self":[{"href":"https:\/\/langbrovardshus.se\/en\/wp-json\/wp\/v2\/pages\/1445","targetHints":{"allow":["GET"]}}],"collection":[{"href":"https:\/\/langbrovardshus.se\/en\/wp-json\/wp\/v2\/pages"}],"about":[{"href":"https:\/\/langbrovardshus.se\/en\/wp-json\/wp\/v2\/types\/page"}],"author":[{"embeddable":true,"href":"https:\/\/langbrovardshus.se\/en\/wp-json\/wp\/v2\/users\/1"}],"replies":[{"embeddable":true,"href":"https:\/\/langbrovardshus.se\/en\/wp-json\/wp\/v2\/comments?post=1445"}],"version-history":[{"count":0,"href":"https:\/\/langbrovardshus.se\/en\/wp-json\/wp\/v2\/pages\/1445\/revisions"}],"up":[{"embeddable":true,"href":"https:\/\/langbrovardshus.se\/en\/wp-json\/wp\/v2\/pages\/1447"}],"wp:attachment":[{"href":"https:\/\/langbrovardshus.se\/en\/wp-json\/wp\/v2\/media?parent=1445"}],"curies":[{"name":"wp","href":"https:\/\/api.w.org\/{rel}","templated":true}]}}