{"id":1434,"date":"2020-01-27T11:38:50","date_gmt":"2020-01-27T10:38:50","guid":{"rendered":"https:\/\/langbrovardshus.se\/meetings\/"},"modified":"2020-03-03T14:09:35","modified_gmt":"2020-03-03T13:09:35","slug":"meetings","status":"publish","type":"page","link":"https:\/\/langbrovardshus.se\/en\/meetings\/","title":{"rendered":"Meetings"},"content":{"rendered":"<p>[et_pb_section fb_built=&#8221;1&#8243; fullwidth=&#8221;on&#8221; _builder_version=&#8221;4.0.9&#8243;][et_pb_fullwidth_header text_orientation=&#8221;center&#8221; header_scroll_down=&#8221;on&#8221; scroll_down_icon=&#8221;%%1%%&#8221; scroll_down_icon_size=&#8221;60px&#8221; admin_label=&#8221;Fullbredd sidhuvud&#8221; _builder_version=&#8221;4.0.9&#8243; background_color=&#8221;rgba(0,0,0,0)&#8221; background_image=&#8221;https:\/\/langbrovardshus.se\/wp-content\/uploads\/2019\/12\/fruktfat-langbrovardshus.jpg&#8221; parallax=&#8221;on&#8221; parallax_method=&#8221;on&#8221; height=&#8221;80vh&#8221; height_tablet=&#8221;&#8221; height_phone=&#8221;70vh&#8221; height_last_edited=&#8221;on|phone&#8221; animation_style=&#8221;fade&#8221; z_index_tablet=&#8221;500&#8243; title_text_shadow_horizontal_length_tablet=&#8221;0px&#8221; title_text_shadow_vertical_length_tablet=&#8221;0px&#8221; title_text_shadow_blur_strength_tablet=&#8221;1px&#8221; content_text_shadow_horizontal_length_tablet=&#8221;0px&#8221; content_text_shadow_vertical_length_tablet=&#8221;0px&#8221; content_text_shadow_blur_strength_tablet=&#8221;1px&#8221; subhead_text_shadow_horizontal_length_tablet=&#8221;0px&#8221; subhead_text_shadow_vertical_length_tablet=&#8221;0px&#8221; subhead_text_shadow_blur_strength_tablet=&#8221;1px&#8221; content_link_text_shadow_horizontal_length_tablet=&#8221;0px&#8221; content_link_text_shadow_vertical_length_tablet=&#8221;0px&#8221; content_link_text_shadow_blur_strength_tablet=&#8221;1px&#8221; content_ul_text_shadow_horizontal_length_tablet=&#8221;0px&#8221; content_ul_text_shadow_vertical_length_tablet=&#8221;0px&#8221; content_ul_text_shadow_blur_strength_tablet=&#8221;1px&#8221; content_ol_text_shadow_horizontal_length_tablet=&#8221;0px&#8221; content_ol_text_shadow_vertical_length_tablet=&#8221;0px&#8221; content_ol_text_shadow_blur_strength_tablet=&#8221;1px&#8221; content_quote_text_shadow_horizontal_length_tablet=&#8221;0px&#8221; content_quote_text_shadow_vertical_length_tablet=&#8221;0px&#8221; content_quote_text_shadow_blur_strength_tablet=&#8221;1px&#8221; button_one_text_shadow_horizontal_length_tablet=&#8221;0px&#8221; button_one_text_shadow_vertical_length_tablet=&#8221;0px&#8221; button_one_text_shadow_blur_strength_tablet=&#8221;1px&#8221; button_two_text_shadow_horizontal_length_tablet=&#8221;0px&#8221; button_two_text_shadow_vertical_length_tablet=&#8221;0px&#8221; button_two_text_shadow_blur_strength_tablet=&#8221;1px&#8221; box_shadow_horizontal_tablet=&#8221;0px&#8221; box_shadow_vertical_tablet=&#8221;0px&#8221; box_shadow_blur_tablet=&#8221;40px&#8221; box_shadow_spread_tablet=&#8221;0px&#8221; box_shadow_horizontal_image_tablet=&#8221;0px&#8221; box_shadow_vertical_image_tablet=&#8221;0px&#8221; box_shadow_blur_image_tablet=&#8221;40px&#8221; box_shadow_spread_image_tablet=&#8221;0px&#8221; box_shadow_horizontal_button_one_tablet=&#8221;0px&#8221; box_shadow_vertical_button_one_tablet=&#8221;0px&#8221; box_shadow_blur_button_one_tablet=&#8221;40px&#8221; box_shadow_spread_button_one_tablet=&#8221;0px&#8221; box_shadow_horizontal_button_two_tablet=&#8221;0px&#8221; box_shadow_vertical_button_two_tablet=&#8221;0px&#8221; box_shadow_blur_button_two_tablet=&#8221;40px&#8221; box_shadow_spread_button_two_tablet=&#8221;0px&#8221; text_shadow_horizontal_length_tablet=&#8221;0px&#8221; text_shadow_vertical_length_tablet=&#8221;0px&#8221; text_shadow_blur_strength_tablet=&#8221;1px&#8221;][\/et_pb_fullwidth_header][\/et_pb_section][et_pb_section fb_built=&#8221;1&#8243; module_class=&#8221;section-aktuellt&#8221; _builder_version=&#8221;4.0.9&#8243; z_index_tablet=&#8221;500&#8243; box_shadow_horizontal_tablet=&#8221;0px&#8221; box_shadow_vertical_tablet=&#8221;0px&#8221; box_shadow_blur_tablet=&#8221;40px&#8221; box_shadow_spread_tablet=&#8221;0px&#8221;][et_pb_row _builder_version=&#8221;4.0.9&#8243;][et_pb_column type=&#8221;4_4&#8243; _builder_version=&#8221;4.0.9&#8243;][et_pb_text _builder_version=&#8221;4.0.9&#8243; z_index_tablet=&#8221;500&#8243; text_text_shadow_horizontal_length_tablet=&#8221;0px&#8221; text_text_shadow_vertical_length_tablet=&#8221;0px&#8221; text_text_shadow_blur_strength_tablet=&#8221;1px&#8221; link_text_shadow_horizontal_length_tablet=&#8221;0px&#8221; link_text_shadow_vertical_length_tablet=&#8221;0px&#8221; link_text_shadow_blur_strength_tablet=&#8221;1px&#8221; ul_text_shadow_horizontal_length_tablet=&#8221;0px&#8221; ul_text_shadow_vertical_length_tablet=&#8221;0px&#8221; ul_text_shadow_blur_strength_tablet=&#8221;1px&#8221; ol_text_shadow_horizontal_length_tablet=&#8221;0px&#8221; ol_text_shadow_vertical_length_tablet=&#8221;0px&#8221; ol_text_shadow_blur_strength_tablet=&#8221;1px&#8221; quote_text_shadow_horizontal_length_tablet=&#8221;0px&#8221; quote_text_shadow_vertical_length_tablet=&#8221;0px&#8221; quote_text_shadow_blur_strength_tablet=&#8221;1px&#8221; header_text_shadow_horizontal_length_tablet=&#8221;0px&#8221; header_text_shadow_vertical_length_tablet=&#8221;0px&#8221; header_text_shadow_blur_strength_tablet=&#8221;1px&#8221; header_2_text_shadow_horizontal_length_tablet=&#8221;0px&#8221; header_2_text_shadow_vertical_length_tablet=&#8221;0px&#8221; header_2_text_shadow_blur_strength_tablet=&#8221;1px&#8221; header_3_text_shadow_horizontal_length_tablet=&#8221;0px&#8221; header_3_text_shadow_vertical_length_tablet=&#8221;0px&#8221; header_3_text_shadow_blur_strength_tablet=&#8221;1px&#8221; header_4_text_shadow_horizontal_length_tablet=&#8221;0px&#8221; header_4_text_shadow_vertical_length_tablet=&#8221;0px&#8221; header_4_text_shadow_blur_strength_tablet=&#8221;1px&#8221; header_5_text_shadow_horizontal_length_tablet=&#8221;0px&#8221; header_5_text_shadow_vertical_length_tablet=&#8221;0px&#8221; header_5_text_shadow_blur_strength_tablet=&#8221;1px&#8221; header_6_text_shadow_horizontal_length_tablet=&#8221;0px&#8221; header_6_text_shadow_vertical_length_tablet=&#8221;0px&#8221; header_6_text_shadow_blur_strength_tablet=&#8221;1px&#8221; box_shadow_horizontal_tablet=&#8221;0px&#8221; box_shadow_vertical_tablet=&#8221;0px&#8221; box_shadow_blur_tablet=&#8221;40px&#8221; box_shadow_spread_tablet=&#8221;0px&#8221;]<\/p>\n<h1>Meetings<\/h1>\n<blockquote>\n<p style=\"text-align: center;\">A meeting place with a sense of privacy<\/p>\n<\/blockquote>\n<p>L\u00e5ngbro V\u00e4rdshus is for those looking for a meeting place with a private character and a great focus on food. \u00a0Choose how much space you need. Use the entire upstairs floor, exclusive to your attendees and guests, or book a chambre s\u00e9par\u00e9e for business meeting, press conferences, or creative conversations. Hold meetings, gatherings, workshops and celebrations in our meeting rooms on the upper floor.<br \/>\nExperience something entirely different from what a traditional conference facility can offer.<\/p>\n<p>You will find us just south of S\u00f6dermalm in Stockholm. Like being in the countryside, minutes from the city.<br \/>\nThe surrounding L\u00e5ngbro park is a place of harmony and balance all year round. Take a quick walk through the park to get inspiration and energy for new ideas. Nature&#8217;s changes give the house a special atmosphere and inspire varied tastes, decor, art and lighting depending on the season.[\/et_pb_text][et_pb_code admin_label=&#8221;Bokningsf\u00f6rfr\u00e5gan knapp&#8221; _builder_version=&#8221;4.0.11&#8243; hover_enabled=&#8221;0&#8243;]<pee style=\"text-align: center;\"><a class=\"btn btn-book\" href=\"https:\/\/langbrovardshus.se\/bokningsforfragan\/\">Booking inquiry<i class=\"icon icon-round icon-arrow-right-black\"><\/i><\/a><\/pee>[\/et_pb_code][\/et_pb_column][\/et_pb_row][\/et_pb_section][et_pb_section fb_built=&#8221;1&#8243; admin_label=&#8221;Sidfot&#8221; module_id=&#8221;sidfot&#8221; _builder_version=&#8221;4.0.11&#8243; global_module=&#8221;239&#8243; saved_tabs=&#8221;all&#8221;][et_pb_row admin_label=&#8221;Extra marginal ovanf\u00f6r sidfoten&#8221; _builder_version=&#8221;4.0.9&#8243;][et_pb_column type=&#8221;4_4&#8243; _builder_version=&#8221;4.0.9&#8243;][\/et_pb_column][\/et_pb_row][et_pb_row column_structure=&#8221;1_3,1_3,1_3&#8243; custom_padding_last_edited=&#8221;on|phone&#8221; module_class=&#8221;row-footer&#8221; _builder_version=&#8221;4.0.9&#8243; custom_padding=&#8221;|6%||6%|false|false&#8221; custom_padding_tablet=&#8221;|||50px|false|false&#8221; custom_padding_phone=&#8221;&#8221;][et_pb_column type=&#8221;1_3&#8243; _builder_version=&#8221;4.0.9&#8243;][et_pb_text admin_label=&#8221;\u00d6ppettider&#8221; _builder_version=&#8221;4.0.11&#8243;]<a class=\"btn\" href=\"https:\/\/langbrovardshus.se\/boka-bord-pa-langbro-vardshus\/\">Book a table<i class=\"icon icon-arrow-right\"><\/i><\/a><\/p>\n<h2>Opening hours<\/h2>\n<h3>Lunch<\/h3>\n<p>Monday \u2013 Friday 11- 14<\/p>\n<h3>\u00c0 la carte<\/h3>\n<p>Tuesday &#8211; Saturday 17 -22<\/p>\n<h3>Brunch<\/h3>\n<p>Saturday, Sunday and holidays 11.30, 12.00, &amp; 14.00<\/p>\n<h3>L\u00e5ngbro Bar<\/h3>\n<p>Monday 11-15<br \/>\nTuesday &#8211; Thursday 11 &#8211; 22<br \/>\nFriday 11- 24<br \/>\nSaturday 11.30 &#8211;\u00a0 24<br \/>\nSunday 11.30 &#8211; 16.00[\/et_pb_text][\/et_pb_column][et_pb_column type=&#8221;1_3&#8243; _builder_version=&#8221;4.0.9&#8243;][et_pb_text admin_label=&#8221;Hitta hit&#8221; _builder_version=&#8221;4.0.11&#8243;]<a class=\"btn\" href=\"https:\/\/langbrovardshus.se\/en\/manor-of-the-chief-physician\/getting-to-langbro-vardshus\/\">Getting here<i class=\"icon icon-map-pin\"><\/i><\/a><\/p>\n<h2>Address<\/h2>\n<p><a href=\"https:\/\/goo.gl\/maps\/CrkTMGJN76Z1g4Fd9\" target=\"_blank\" rel=\"noopener noreferrer\">Stora mans v\u00e4g 4<br \/>\n125 59 \u00c4lvsj\u00f6<\/a><\/p>\n<p>&nbsp;<\/p>\n<h2>Contact info<\/h2>\n<p><a href=\"mailto:info@langbrovardshus.se\">info@langbrovardshus.se<\/a><br \/>\nTel: <a href=\"tel:+46086460050\">+46 8-646 00 50<\/a><\/p>\n<p>&nbsp;[\/et_pb_text][\/et_pb_column][et_pb_column type=&#8221;1_3&#8243; _builder_version=&#8221;4.0.9&#8243;][et_pb_text admin_label=&#8221;L\u00e4nkar&#8221; _builder_version=&#8221;4.0.11&#8243;]<\/p>\n<h2>Our restaurants<\/h2>\n<p><a class=\"btn btn-logo-national\" href=\"https:\/\/www.nationalmuseum.se\/bes%C3%B6k-museet\/restaurangen\">Nationalmus\u00e9um<\/a><\/p>\n<p><img loading=\"lazy\" decoding=\"async\" class=\"wp-image-1642 alignnone size-full\" src=\"https:\/\/langbrovardshus.se\/wp-content\/uploads\/2019\/11\/logo-langbro-vansterstalld-vit.png\" alt=\"\" width=\"104\" height=\"29\" \/>[\/et_pb_text][\/et_pb_column][\/et_pb_row][et_pb_row _builder_version=&#8221;4.0.9&#8243; custom_padding=&#8221;0px||0px||false|false&#8221;][et_pb_column type=&#8221;4_4&#8243; _builder_version=&#8221;4.0.9&#8243;][et_pb_code admin_label=&#8221;Sociala media-knappar&#8221; module_class=&#8221;social-media-container&#8221; _builder_version=&#8221;4.0.9&#8243;]<a class=\"facebook\" href=\"https:\/\/www.facebook.com\/langbrovardshus\/\" target=\"_blank\" rel=\"nofollow noopener noreferrer\">Follow L\u00e5ngbro v\u00e4rdshus on Facebook<\/a><!-- [et_pb_line_break_holder] --><a class=\"instagram\" href=\"https:\/\/www.instagram.com\/langbrovardshus\/\" target=\"_blank\" rel=\"nofollow noopener noreferrer\">Follow L\u00e5ngbro v\u00e4rdshus on Instagram<\/a><!-- [et_pb_line_break_holder] --><!-- [et_pb_line_break_holder] -->[\/et_pb_code][\/et_pb_column][\/et_pb_row][\/et_pb_section]<\/p>\n","protected":false},"excerpt":{"rendered":"<p>Meetings A meeting place with a sense of privacy L\u00e5ngbro V\u00e4rdshus is for those looking for a meeting place with a private character and a great focus on food. \u00a0Choose how much space you need. Use the entire upstairs floor, exclusive to your attendees and guests, or book a chambre s\u00e9par\u00e9e for business meeting, press [&hellip;]<\/p>\n","protected":false},"author":1,"featured_media":0,"parent":0,"menu_order":0,"comment_status":"closed","ping_status":"closed","template":"","meta":{"_et_pb_use_builder":"on","_et_pb_old_content":"","_et_gb_content_width":"","footnotes":"","_wp_rev_ctl_limit":""},"class_list":["post-1434","page","type-page","status-publish","hentry"],"yoast_head":"<!-- This site is optimized with the Yoast SEO plugin v27.1.1 - https:\/\/yoast.com\/product\/yoast-seo-wordpress\/ -->\n<title>Meetings where food and atmosphere is key<\/title>\n<meta name=\"description\" content=\"Come find a meeting place with a secluded atmosphere just south of S\u00f6dermalm in Stockholm. Century-old L\u00e5ngbro V\u00e4rdshus is for those looking for a meeting place with privacy and a great focus on food. Hold meetings, gatherings, workshops and celebrations. You&#039;ll find the experience miles from what a traditional conference facility can offer.\" \/>\n<meta name=\"robots\" content=\"index, follow, max-snippet:-1, max-image-preview:large, max-video-preview:-1\" \/>\n<link rel=\"canonical\" href=\"https:\/\/langbrovardshus.se\/en\/meetings\/\" \/>\n<meta property=\"og:locale\" content=\"en_US\" \/>\n<meta property=\"og:type\" content=\"article\" \/>\n<meta property=\"og:title\" content=\"Meetings where food and atmosphere is key\" \/>\n<meta property=\"og:description\" content=\"Come find a meeting place with a secluded atmosphere just south of S\u00f6dermalm in Stockholm. Century-old L\u00e5ngbro V\u00e4rdshus is for those looking for a meeting place with privacy and a great focus on food. Hold meetings, gatherings, workshops and celebrations. You&#039;ll find the experience miles from what a traditional conference facility can offer.\" \/>\n<meta property=\"og:url\" content=\"https:\/\/langbrovardshus.se\/en\/meetings\/\" \/>\n<meta property=\"og:site_name\" content=\"L\u00e5ngbro v\u00e4rdshus\" \/>\n<meta property=\"article:publisher\" content=\"https:\/\/www.facebook.com\/langbrovardshus\/\" \/>\n<meta property=\"article:modified_time\" content=\"2020-03-03T13:09:35+00:00\" \/>\n<meta property=\"og:image\" content=\"https:\/\/langbrovardshus.se\/wp-content\/uploads\/2019\/11\/logo-langbro-vansterstalld-vit.png\" \/>\n<meta name=\"twitter:card\" content=\"summary_large_image\" \/>\n<meta name=\"twitter:label1\" content=\"Est. reading time\" \/>\n\t<meta name=\"twitter:data1\" content=\"6 minutes\" \/>\n<script type=\"application\/ld+json\" class=\"yoast-schema-graph\">{\"@context\":\"https:\/\/schema.org\",\"@graph\":[{\"@type\":\"WebPage\",\"@id\":\"https:\/\/langbrovardshus.se\/en\/meetings\/\",\"url\":\"https:\/\/langbrovardshus.se\/en\/meetings\/\",\"name\":\"Meetings where food and atmosphere is key\",\"isPartOf\":{\"@id\":\"https:\/\/langbrovardshus.se\/en\/#website\"},\"primaryImageOfPage\":{\"@id\":\"https:\/\/langbrovardshus.se\/en\/meetings\/#primaryimage\"},\"image\":{\"@id\":\"https:\/\/langbrovardshus.se\/en\/meetings\/#primaryimage\"},\"thumbnailUrl\":\"https:\/\/langbrovardshus.se\/wp-content\/uploads\/2019\/11\/logo-langbro-vansterstalld-vit.png\",\"datePublished\":\"2020-01-27T10:38:50+00:00\",\"dateModified\":\"2020-03-03T13:09:35+00:00\",\"description\":\"Come find a meeting place with a secluded atmosphere just south of S\u00f6dermalm in Stockholm. Century-old L\u00e5ngbro V\u00e4rdshus is for those looking for a meeting place with privacy and a great focus on food. Hold meetings, gatherings, workshops and celebrations. You'll find the experience miles from what a traditional conference facility can offer.\",\"breadcrumb\":{\"@id\":\"https:\/\/langbrovardshus.se\/en\/meetings\/#breadcrumb\"},\"inLanguage\":\"en-US\",\"potentialAction\":[{\"@type\":\"ReadAction\",\"target\":[\"https:\/\/langbrovardshus.se\/en\/meetings\/\"]}]},{\"@type\":\"ImageObject\",\"inLanguage\":\"en-US\",\"@id\":\"https:\/\/langbrovardshus.se\/en\/meetings\/#primaryimage\",\"url\":\"https:\/\/langbrovardshus.se\/wp-content\/uploads\/2019\/11\/logo-langbro-vansterstalld-vit.png\",\"contentUrl\":\"https:\/\/langbrovardshus.se\/wp-content\/uploads\/2019\/11\/logo-langbro-vansterstalld-vit.png\"},{\"@type\":\"BreadcrumbList\",\"@id\":\"https:\/\/langbrovardshus.se\/en\/meetings\/#breadcrumb\",\"itemListElement\":[{\"@type\":\"ListItem\",\"position\":1,\"name\":\"Home\",\"item\":\"https:\/\/langbrovardshus.se\/en\/\"},{\"@type\":\"ListItem\",\"position\":2,\"name\":\"Meetings\"}]},{\"@type\":\"WebSite\",\"@id\":\"https:\/\/langbrovardshus.se\/en\/#website\",\"url\":\"https:\/\/langbrovardshus.se\/en\/\",\"name\":\"L\u00e5ngbro V\u00e4rdshus\",\"description\":\"L\u00e5ngbro V\u00e4rdshus sk\u00f6na atmosf\u00e4r och personliga bem\u00f6tande i v\u00e4nlig milj\u00f6.\",\"potentialAction\":[{\"@type\":\"SearchAction\",\"target\":{\"@type\":\"EntryPoint\",\"urlTemplate\":\"https:\/\/langbrovardshus.se\/en\/?s={search_term_string}\"},\"query-input\":{\"@type\":\"PropertyValueSpecification\",\"valueRequired\":true,\"valueName\":\"search_term_string\"}}],\"inLanguage\":\"en-US\"}]}<\/script>\n<!-- \/ Yoast SEO plugin. -->","yoast_head_json":{"title":"Meetings where food and atmosphere is key","description":"Come find a meeting place with a secluded atmosphere just south of S\u00f6dermalm in Stockholm. Century-old L\u00e5ngbro V\u00e4rdshus is for those looking for a meeting place with privacy and a great focus on food. Hold meetings, gatherings, workshops and celebrations. You'll find the experience miles from what a traditional conference facility can offer.","robots":{"index":"index","follow":"follow","max-snippet":"max-snippet:-1","max-image-preview":"max-image-preview:large","max-video-preview":"max-video-preview:-1"},"canonical":"https:\/\/langbrovardshus.se\/en\/meetings\/","og_locale":"en_US","og_type":"article","og_title":"Meetings where food and atmosphere is key","og_description":"Come find a meeting place with a secluded atmosphere just south of S\u00f6dermalm in Stockholm. Century-old L\u00e5ngbro V\u00e4rdshus is for those looking for a meeting place with privacy and a great focus on food. Hold meetings, gatherings, workshops and celebrations. You'll find the experience miles from what a traditional conference facility can offer.","og_url":"https:\/\/langbrovardshus.se\/en\/meetings\/","og_site_name":"L\u00e5ngbro v\u00e4rdshus","article_publisher":"https:\/\/www.facebook.com\/langbrovardshus\/","article_modified_time":"2020-03-03T13:09:35+00:00","og_image":[{"url":"https:\/\/langbrovardshus.se\/wp-content\/uploads\/2019\/11\/logo-langbro-vansterstalld-vit.png","type":"","width":"","height":""}],"twitter_card":"summary_large_image","twitter_misc":{"Est. reading time":"6 minutes"},"schema":{"@context":"https:\/\/schema.org","@graph":[{"@type":"WebPage","@id":"https:\/\/langbrovardshus.se\/en\/meetings\/","url":"https:\/\/langbrovardshus.se\/en\/meetings\/","name":"Meetings where food and atmosphere is key","isPartOf":{"@id":"https:\/\/langbrovardshus.se\/en\/#website"},"primaryImageOfPage":{"@id":"https:\/\/langbrovardshus.se\/en\/meetings\/#primaryimage"},"image":{"@id":"https:\/\/langbrovardshus.se\/en\/meetings\/#primaryimage"},"thumbnailUrl":"https:\/\/langbrovardshus.se\/wp-content\/uploads\/2019\/11\/logo-langbro-vansterstalld-vit.png","datePublished":"2020-01-27T10:38:50+00:00","dateModified":"2020-03-03T13:09:35+00:00","description":"Come find a meeting place with a secluded atmosphere just south of S\u00f6dermalm in Stockholm. Century-old L\u00e5ngbro V\u00e4rdshus is for those looking for a meeting place with privacy and a great focus on food. Hold meetings, gatherings, workshops and celebrations. You'll find the experience miles from what a traditional conference facility can offer.","breadcrumb":{"@id":"https:\/\/langbrovardshus.se\/en\/meetings\/#breadcrumb"},"inLanguage":"en-US","potentialAction":[{"@type":"ReadAction","target":["https:\/\/langbrovardshus.se\/en\/meetings\/"]}]},{"@type":"ImageObject","inLanguage":"en-US","@id":"https:\/\/langbrovardshus.se\/en\/meetings\/#primaryimage","url":"https:\/\/langbrovardshus.se\/wp-content\/uploads\/2019\/11\/logo-langbro-vansterstalld-vit.png","contentUrl":"https:\/\/langbrovardshus.se\/wp-content\/uploads\/2019\/11\/logo-langbro-vansterstalld-vit.png"},{"@type":"BreadcrumbList","@id":"https:\/\/langbrovardshus.se\/en\/meetings\/#breadcrumb","itemListElement":[{"@type":"ListItem","position":1,"name":"Home","item":"https:\/\/langbrovardshus.se\/en\/"},{"@type":"ListItem","position":2,"name":"Meetings"}]},{"@type":"WebSite","@id":"https:\/\/langbrovardshus.se\/en\/#website","url":"https:\/\/langbrovardshus.se\/en\/","name":"L\u00e5ngbro V\u00e4rdshus","description":"L\u00e5ngbro V\u00e4rdshus sk\u00f6na atmosf\u00e4r och personliga bem\u00f6tande i v\u00e4nlig milj\u00f6.","potentialAction":[{"@type":"SearchAction","target":{"@type":"EntryPoint","urlTemplate":"https:\/\/langbrovardshus.se\/en\/?s={search_term_string}"},"query-input":{"@type":"PropertyValueSpecification","valueRequired":true,"valueName":"search_term_string"}}],"inLanguage":"en-US"}]}},"_links":{"self":[{"href":"https:\/\/langbrovardshus.se\/en\/wp-json\/wp\/v2\/pages\/1434","targetHints":{"allow":["GET"]}}],"collection":[{"href":"https:\/\/langbrovardshus.se\/en\/wp-json\/wp\/v2\/pages"}],"about":[{"href":"https:\/\/langbrovardshus.se\/en\/wp-json\/wp\/v2\/types\/page"}],"author":[{"embeddable":true,"href":"https:\/\/langbrovardshus.se\/en\/wp-json\/wp\/v2\/users\/1"}],"replies":[{"embeddable":true,"href":"https:\/\/langbrovardshus.se\/en\/wp-json\/wp\/v2\/comments?post=1434"}],"version-history":[{"count":0,"href":"https:\/\/langbrovardshus.se\/en\/wp-json\/wp\/v2\/pages\/1434\/revisions"}],"wp:attachment":[{"href":"https:\/\/langbrovardshus.se\/en\/wp-json\/wp\/v2\/media?parent=1434"}],"curies":[{"name":"wp","href":"https:\/\/api.w.org\/{rel}","templated":true}]}}