{"id":1155,"date":"2020-01-14T11:18:01","date_gmt":"2020-01-14T10:18:01","guid":{"rendered":"https:\/\/langbrovardshus.se\/the-restaurateur\/"},"modified":"2020-01-30T10:11:27","modified_gmt":"2020-01-30T09:11:27","slug":"the-restaurateur","status":"publish","type":"page","link":"https:\/\/langbrovardshus.se\/en\/the-kitchen\/the-restaurateur\/","title":{"rendered":"The restaurateur"},"content":{"rendered":"<p>[et_pb_section fb_built=&#8221;1&#8243; fullwidth=&#8221;on&#8221; _builder_version=&#8221;4.0.9&#8243;][et_pb_fullwidth_header text_orientation=&#8221;center&#8221; header_scroll_down=&#8221;on&#8221; scroll_down_icon=&#8221;%%1%%&#8221; scroll_down_icon_size=&#8221;60px&#8221; admin_label=&#8221;Fullbredd sidhuvud&#8221; _builder_version=&#8221;4.0.9&#8243; background_color=&#8221;rgba(0,0,0,0)&#8221; background_image=&#8221;https:\/\/langbrovardshus.se\/wp-content\/uploads\/2019\/12\/krogare-fredrik-eriksson-langbrovardshus.jpg&#8221; parallax=&#8221;on&#8221; parallax_method=&#8221;on&#8221; height=&#8221;80vh&#8221; height_tablet=&#8221;&#8221; height_phone=&#8221;70vh&#8221; height_last_edited=&#8221;on|phone&#8221; animation_style=&#8221;fade&#8221; z_index_tablet=&#8221;500&#8243; title_text_shadow_horizontal_length_tablet=&#8221;0px&#8221; title_text_shadow_vertical_length_tablet=&#8221;0px&#8221; title_text_shadow_blur_strength_tablet=&#8221;1px&#8221; content_text_shadow_horizontal_length_tablet=&#8221;0px&#8221; content_text_shadow_vertical_length_tablet=&#8221;0px&#8221; content_text_shadow_blur_strength_tablet=&#8221;1px&#8221; subhead_text_shadow_horizontal_length_tablet=&#8221;0px&#8221; subhead_text_shadow_vertical_length_tablet=&#8221;0px&#8221; subhead_text_shadow_blur_strength_tablet=&#8221;1px&#8221; content_link_text_shadow_horizontal_length_tablet=&#8221;0px&#8221; content_link_text_shadow_vertical_length_tablet=&#8221;0px&#8221; content_link_text_shadow_blur_strength_tablet=&#8221;1px&#8221; content_ul_text_shadow_horizontal_length_tablet=&#8221;0px&#8221; content_ul_text_shadow_vertical_length_tablet=&#8221;0px&#8221; content_ul_text_shadow_blur_strength_tablet=&#8221;1px&#8221; content_ol_text_shadow_horizontal_length_tablet=&#8221;0px&#8221; content_ol_text_shadow_vertical_length_tablet=&#8221;0px&#8221; content_ol_text_shadow_blur_strength_tablet=&#8221;1px&#8221; content_quote_text_shadow_horizontal_length_tablet=&#8221;0px&#8221; content_quote_text_shadow_vertical_length_tablet=&#8221;0px&#8221; content_quote_text_shadow_blur_strength_tablet=&#8221;1px&#8221; button_one_text_shadow_horizontal_length_tablet=&#8221;0px&#8221; button_one_text_shadow_vertical_length_tablet=&#8221;0px&#8221; button_one_text_shadow_blur_strength_tablet=&#8221;1px&#8221; button_two_text_shadow_horizontal_length_tablet=&#8221;0px&#8221; button_two_text_shadow_vertical_length_tablet=&#8221;0px&#8221; button_two_text_shadow_blur_strength_tablet=&#8221;1px&#8221; box_shadow_horizontal_tablet=&#8221;0px&#8221; box_shadow_vertical_tablet=&#8221;0px&#8221; box_shadow_blur_tablet=&#8221;40px&#8221; box_shadow_spread_tablet=&#8221;0px&#8221; box_shadow_horizontal_image_tablet=&#8221;0px&#8221; box_shadow_vertical_image_tablet=&#8221;0px&#8221; box_shadow_blur_image_tablet=&#8221;40px&#8221; box_shadow_spread_image_tablet=&#8221;0px&#8221; box_shadow_horizontal_button_one_tablet=&#8221;0px&#8221; box_shadow_vertical_button_one_tablet=&#8221;0px&#8221; box_shadow_blur_button_one_tablet=&#8221;40px&#8221; box_shadow_spread_button_one_tablet=&#8221;0px&#8221; box_shadow_horizontal_button_two_tablet=&#8221;0px&#8221; box_shadow_vertical_button_two_tablet=&#8221;0px&#8221; box_shadow_blur_button_two_tablet=&#8221;40px&#8221; box_shadow_spread_button_two_tablet=&#8221;0px&#8221; text_shadow_horizontal_length_tablet=&#8221;0px&#8221; text_shadow_vertical_length_tablet=&#8221;0px&#8221; text_shadow_blur_strength_tablet=&#8221;1px&#8221;][\/et_pb_fullwidth_header][\/et_pb_section][et_pb_section fb_built=&#8221;1&#8243; module_class=&#8221;section-aktuellt&#8221; _builder_version=&#8221;4.0.9&#8243; z_index_tablet=&#8221;500&#8243; box_shadow_horizontal_tablet=&#8221;0px&#8221; box_shadow_vertical_tablet=&#8221;0px&#8221; box_shadow_blur_tablet=&#8221;40px&#8221; box_shadow_spread_tablet=&#8221;0px&#8221;][et_pb_row _builder_version=&#8221;4.0.9&#8243;][et_pb_column type=&#8221;4_4&#8243; _builder_version=&#8221;4.0.9&#8243;][et_pb_text _builder_version=&#8221;4.0.9&#8243; z_index_tablet=&#8221;500&#8243; text_text_shadow_horizontal_length_tablet=&#8221;0px&#8221; text_text_shadow_vertical_length_tablet=&#8221;0px&#8221; text_text_shadow_blur_strength_tablet=&#8221;1px&#8221; link_text_shadow_horizontal_length_tablet=&#8221;0px&#8221; link_text_shadow_vertical_length_tablet=&#8221;0px&#8221; link_text_shadow_blur_strength_tablet=&#8221;1px&#8221; ul_text_shadow_horizontal_length_tablet=&#8221;0px&#8221; ul_text_shadow_vertical_length_tablet=&#8221;0px&#8221; ul_text_shadow_blur_strength_tablet=&#8221;1px&#8221; ol_text_shadow_horizontal_length_tablet=&#8221;0px&#8221; ol_text_shadow_vertical_length_tablet=&#8221;0px&#8221; ol_text_shadow_blur_strength_tablet=&#8221;1px&#8221; quote_text_shadow_horizontal_length_tablet=&#8221;0px&#8221; quote_text_shadow_vertical_length_tablet=&#8221;0px&#8221; quote_text_shadow_blur_strength_tablet=&#8221;1px&#8221; header_text_shadow_horizontal_length_tablet=&#8221;0px&#8221; header_text_shadow_vertical_length_tablet=&#8221;0px&#8221; header_text_shadow_blur_strength_tablet=&#8221;1px&#8221; header_2_text_shadow_horizontal_length_tablet=&#8221;0px&#8221; header_2_text_shadow_vertical_length_tablet=&#8221;0px&#8221; header_2_text_shadow_blur_strength_tablet=&#8221;1px&#8221; header_3_text_shadow_horizontal_length_tablet=&#8221;0px&#8221; header_3_text_shadow_vertical_length_tablet=&#8221;0px&#8221; header_3_text_shadow_blur_strength_tablet=&#8221;1px&#8221; header_4_text_shadow_horizontal_length_tablet=&#8221;0px&#8221; header_4_text_shadow_vertical_length_tablet=&#8221;0px&#8221; header_4_text_shadow_blur_strength_tablet=&#8221;1px&#8221; header_5_text_shadow_horizontal_length_tablet=&#8221;0px&#8221; header_5_text_shadow_vertical_length_tablet=&#8221;0px&#8221; header_5_text_shadow_blur_strength_tablet=&#8221;1px&#8221; header_6_text_shadow_horizontal_length_tablet=&#8221;0px&#8221; header_6_text_shadow_vertical_length_tablet=&#8221;0px&#8221; header_6_text_shadow_blur_strength_tablet=&#8221;1px&#8221; box_shadow_horizontal_tablet=&#8221;0px&#8221; box_shadow_vertical_tablet=&#8221;0px&#8221; box_shadow_blur_tablet=&#8221;40px&#8221; box_shadow_spread_tablet=&#8221;0px&#8221;]<\/p>\n<h1>Fredrik Eriksson<\/h1>\n<blockquote>\n<p style=\"text-align: center;\">\u201dI want the food at my restaurants to be as tasty as a home-made meal.&#8221;<\/p>\n<\/blockquote>\n<p>&nbsp;<\/p>\n<p>As a guest at L\u00e5ngbro V\u00e4rdshus you&#8217;ll get the opportunity to be a part of the creative cooking of Fredrik Eriksson, chef and restaurateur, whose passion for Swedish ingredients is what makes a visit here so memorable. Fredrik&#8217;s speciality is to cook delicious meals inspired by Swedish culinary traditions. Contemporary dishes with lots of greens and elements from both the French and the Italian cuisine take shape under Fredrik&#8217;s careful guidance. Sustainability is another topic close to Fredrik&#8217;s heart, and he is continuously improving the restaurants way of working, and thus the entire guest experience.<\/p>\n<p>If you want to know more about Fredrik and his cooking you can see more of him on TV4 Nyhetsmorgon, where he regularly shares his knowledge and experience as a tv chef and food creator.<\/p>\n<p>Restaurateur Fredrik Eriksson runs two restaurants \u2013 L\u00e5ngbro v\u00e4rdshus and Restaurang Nationalmuseum. As one of Sweden&#8217;s gastronomic leaders he is a driving force regarding several important culinary issues, and is engaging in some of the country&#8217;s most important meals.<\/p>\n<p><!-- \/divi:paragraph -->[\/et_pb_text][et_pb_image src=&#8221;https:\/\/langbrovardshus.se\/wp-content\/uploads\/2019\/12\/krogare-fredrik-eriksson-i-tradgardslandet-langbrovardshus.jpg&#8221; _builder_version=&#8221;4.0.9&#8243;][\/et_pb_image][et_pb_text _builder_version=&#8221;4.0.9&#8243;]<\/p>\n<p>Fredrik is a gastronomic advisor to the Nobel Foundation&#8217;s Nobel dinner in the city hall of Stockholm. When prince Carl-Philip and princess Sofia got married at the royal castle in 2015, Fredrik was in charge of the wedding dinner. Together with a selection of top chefs Fredrik created a menu based on delicious Swedish ingredients, such as spring vegetables, roe from \u00c4lvdalen, langoustine and zander.<\/p>\n<p>Through his engagement in Gastronomi Sverige, who is\u00a0 responsible for Sweden&#8217;s participation in the culinary world championships, Bocuse d&#8217;Or, Fredrik wants to encourage new culinary talents. He has himself participated in Bocuse d&#8217;Or, and at only 23 years of age he won the Swedish culinary championships \u2013 \u00c5rets Kock.<\/p>\n<p>Throughout the years Fredrik has inspired his followers with loads of new recipes in his cookbooks, most recently in his book The <em>Nobel Prize Ceremony \u2013 new recipes and classical menus, <\/em>named the world&#8217;s best cookbook by Gourmand Awards 2017, and where Fredrik is co-writer.<\/p>\n<p>&nbsp;<\/p>\n<p><!-- \/divi:paragraph -->[\/et_pb_text][\/et_pb_column][\/et_pb_row][\/et_pb_section][et_pb_section fb_built=&#8221;1&#8243; admin_label=&#8221;Sidfot&#8221; module_id=&#8221;footer&#8221; _builder_version=&#8221;4.0.9&#8243; global_module=&#8221;239&#8243; saved_tabs=&#8221;all&#8221;][et_pb_row admin_label=&#8221;Avdelare&#8221; _builder_version=&#8221;4.0.9&#8243;][et_pb_column type=&#8221;4_4&#8243; _builder_version=&#8221;4.0.9&#8243;][\/et_pb_column][\/et_pb_row][et_pb_row column_structure=&#8221;1_3,1_3,1_3&#8243; custom_padding_last_edited=&#8221;on|phone&#8221; module_class=&#8221;row-footer&#8221; _builder_version=&#8221;4.0.9&#8243; custom_padding=&#8221;|6%||6%|false|false&#8221; custom_padding_tablet=&#8221;|||50px|false|false&#8221; custom_padding_phone=&#8221;&#8221;][et_pb_column type=&#8221;1_3&#8243; _builder_version=&#8221;4.0.9&#8243;][et_pb_text admin_label=&#8221;\u00d6ppettider&#8221; _builder_version=&#8221;4.0.9&#8243;]<a class=\"btn\" href=\"https:\/\/langbrovardshus.se\/boka-bord-pa-langbro-vardshus\/\">Book a table<\/a><\/p>\n<h2>Opening hours<\/h2>\n<h3>Lunch<\/h3>\n<p>Monday\u2013Friday 11-14<\/p>\n<h3>L\u00e5ngbro bar<\/h3>\n<p>Monday\u2013Friday 11-24<br \/>\nSaturday 11.30-24.00<br \/>\nSunday 12.00-22.00<\/p>\n<p>&nbsp;[\/et_pb_text][\/et_pb_column][et_pb_column type=&#8221;1_3&#8243; _builder_version=&#8221;4.0.9&#8243;][et_pb_text admin_label=&#8221;Hitta hit&#8221; _builder_version=&#8221;4.0.9&#8243;]<a class=\"btn\" href=\"https:\/\/langbrovardshus.se\/en\/manor-of-the-chief-physician\/getting-to-langbro-vardshus\/\">Find us<i class=\"icon icon-map-pin\"><\/i><\/a><\/p>\n<h2>Address<\/h2>\n<p><a href=\"https:\/\/goo.gl\/maps\/CrkTMGJN76Z1g4Fd9\" target=\"_blank\" rel=\"noopener noreferrer\">Stora mans v\u00e4g 4<br \/>\n125 59 \u00c4lvsj\u00f6<\/a><\/p>\n<p>&nbsp;<\/p>\n<h2>Contact us<\/h2>\n<p>&nbsp;<\/p>\n<p><a href=\"mailto:info@langbrovardshus.se\">info@langbrovardshus.se<\/a><br \/>\nTel: <a href=\"tel:+46086460050\">08-646 00 50<\/a><br \/>\nFax: 08-646 14 90<\/p>\n<p>&nbsp;[\/et_pb_text][\/et_pb_column][et_pb_column type=&#8221;1_3&#8243; _builder_version=&#8221;4.0.9&#8243;][et_pb_text admin_label=&#8221;L\u00e4nkar&#8221; _builder_version=&#8221;4.0.9&#8243;]<a class=\"btn\" href=\"https:\/\/langbrovardshus.se\/presentkort\/\">Gift cards<i class=\"icon icon-arrow-right\"><\/i><\/a><\/p>\n<h2>Our restaurants<\/h2>\n<p><a class=\"btn btn-logo-national\" href=\"https:\/\/www.nationalmuseum.se\/bes%C3%B6k-museet\/restaurangen\">Nationalmus\u00e9um<\/a><\/p>\n<p><img loading=\"lazy\" decoding=\"async\" class=\"wp-image-1642 alignnone size-full\" src=\"https:\/\/langbrovardshus.se\/wp-content\/uploads\/2019\/11\/logo-langbro-vansterstalld-vit.png\" alt=\"\" width=\"104\" height=\"29\" \/>[\/et_pb_text][\/et_pb_column][\/et_pb_row][et_pb_row _builder_version=&#8221;4.0.9&#8243; custom_padding=&#8221;0px||0px||false|false&#8221;][et_pb_column type=&#8221;4_4&#8243; _builder_version=&#8221;4.0.9&#8243;][et_pb_code admin_label=&#8221;Sociala media-knappar&#8221; module_class=&#8221;social-media-container&#8221; _builder_version=&#8221;4.0.9&#8243;]<a href=\"https:\/\/www.facebook.com\/langbrovardshus\/\" target=\"_blank\" rel=\"nofollow noopener noreferrer\" class=\"facebook\">F\u00f6lj L\u00e5ngbro v\u00e4rdshus p\u00e5 Facebook<\/a><!-- [et_pb_line_break_holder] --><a href=\"https:\/\/www.instagram.com\/langbrovardshus\/\" target=\"_blank\" rel=\"nofollow noopener noreferrer\" class=\"instagram\">F\u00f6lj L\u00e5ngbro v\u00e4rdshus p\u00e5 Instagram<\/a><!-- [et_pb_line_break_holder] --><!-- [et_pb_line_break_holder] -->[\/et_pb_code][\/et_pb_column][\/et_pb_row][\/et_pb_section]<\/p>\n","protected":false},"excerpt":{"rendered":"<p>Fredrik Eriksson \u201dI want the food at my restaurants to be as tasty as a home-made meal.&#8221; &nbsp; As a guest at L\u00e5ngbro V\u00e4rdshus you&#8217;ll get the opportunity to be a part of the creative cooking of Fredrik Eriksson, chef and restaurateur, whose passion for Swedish ingredients is what makes a visit here so memorable. [&hellip;]<\/p>\n","protected":false},"author":1,"featured_media":0,"parent":1447,"menu_order":0,"comment_status":"closed","ping_status":"closed","template":"","meta":{"_et_pb_use_builder":"on","_et_pb_old_content":"","_et_gb_content_width":"","footnotes":"","_wp_rev_ctl_limit":""},"class_list":["post-1155","page","type-page","status-publish","hentry"],"yoast_head":"<!-- This site is optimized with the Yoast SEO plugin v27.3 - https:\/\/yoast.com\/product\/yoast-seo-wordpress\/ -->\n<title>Fredrik Eriksson \u2013 chef and restaurateur | L\u00e5ngbro v\u00e4rdshus<\/title>\n<meta name=\"description\" content=\"As a guest at L\u00e5ngbro V\u00e4rdshus you&#039;ll get the opportunity to be a part of the creative cooking of Fredrik Eriksson, chef and restaurateur, whose passion for Swedish ingredients is what makes a visit here so memorable.\" \/>\n<meta name=\"robots\" content=\"index, follow, max-snippet:-1, max-image-preview:large, max-video-preview:-1\" \/>\n<link rel=\"canonical\" href=\"https:\/\/langbrovardshus.se\/en\/the-kitchen\/the-restaurateur\/\" \/>\n<meta property=\"og:locale\" content=\"en_US\" \/>\n<meta property=\"og:type\" content=\"article\" \/>\n<meta property=\"og:title\" content=\"Fredrik Eriksson \u2013 chef and restaurateur | L\u00e5ngbro v\u00e4rdshus\" \/>\n<meta property=\"og:description\" content=\"As a guest at L\u00e5ngbro V\u00e4rdshus you&#039;ll get the opportunity to be a part of the creative cooking of Fredrik Eriksson, chef and restaurateur, whose passion for Swedish ingredients is what makes a visit here so memorable.\" \/>\n<meta property=\"og:url\" content=\"https:\/\/langbrovardshus.se\/en\/the-kitchen\/the-restaurateur\/\" \/>\n<meta property=\"og:site_name\" content=\"L\u00e5ngbro v\u00e4rdshus\" \/>\n<meta property=\"article:publisher\" content=\"https:\/\/www.facebook.com\/langbrovardshus\/\" \/>\n<meta property=\"article:modified_time\" content=\"2020-01-30T09:11:27+00:00\" \/>\n<meta property=\"og:image\" content=\"https:\/\/langbrovardshus.se\/wp-content\/uploads\/2019\/11\/logo-langbro-vansterstalld-vit.png\" \/>\n<meta name=\"twitter:card\" content=\"summary_large_image\" \/>\n<meta name=\"twitter:label1\" content=\"Est. reading time\" \/>\n\t<meta name=\"twitter:data1\" content=\"7 minutes\" \/>\n<script type=\"application\/ld+json\" class=\"yoast-schema-graph\">{\"@context\":\"https:\\\/\\\/schema.org\",\"@graph\":[{\"@type\":\"WebPage\",\"@id\":\"https:\\\/\\\/langbrovardshus.se\\\/en\\\/the-kitchen\\\/the-restaurateur\\\/\",\"url\":\"https:\\\/\\\/langbrovardshus.se\\\/en\\\/the-kitchen\\\/the-restaurateur\\\/\",\"name\":\"Fredrik Eriksson \u2013 chef and restaurateur | L\u00e5ngbro v\u00e4rdshus\",\"isPartOf\":{\"@id\":\"https:\\\/\\\/langbrovardshus.se\\\/en\\\/#website\"},\"primaryImageOfPage\":{\"@id\":\"https:\\\/\\\/langbrovardshus.se\\\/en\\\/the-kitchen\\\/the-restaurateur\\\/#primaryimage\"},\"image\":{\"@id\":\"https:\\\/\\\/langbrovardshus.se\\\/en\\\/the-kitchen\\\/the-restaurateur\\\/#primaryimage\"},\"thumbnailUrl\":\"https:\\\/\\\/langbrovardshus.se\\\/wp-content\\\/uploads\\\/2019\\\/11\\\/logo-langbro-vansterstalld-vit.png\",\"datePublished\":\"2020-01-14T10:18:01+00:00\",\"dateModified\":\"2020-01-30T09:11:27+00:00\",\"description\":\"As a guest at L\u00e5ngbro V\u00e4rdshus you'll get the opportunity to be a part of the creative cooking of Fredrik Eriksson, chef and restaurateur, whose passion for Swedish ingredients is what makes a visit here so memorable.\",\"breadcrumb\":{\"@id\":\"https:\\\/\\\/langbrovardshus.se\\\/en\\\/the-kitchen\\\/the-restaurateur\\\/#breadcrumb\"},\"inLanguage\":\"en-US\",\"potentialAction\":[{\"@type\":\"ReadAction\",\"target\":[\"https:\\\/\\\/langbrovardshus.se\\\/en\\\/the-kitchen\\\/the-restaurateur\\\/\"]}]},{\"@type\":\"ImageObject\",\"inLanguage\":\"en-US\",\"@id\":\"https:\\\/\\\/langbrovardshus.se\\\/en\\\/the-kitchen\\\/the-restaurateur\\\/#primaryimage\",\"url\":\"https:\\\/\\\/langbrovardshus.se\\\/wp-content\\\/uploads\\\/2019\\\/11\\\/logo-langbro-vansterstalld-vit.png\",\"contentUrl\":\"https:\\\/\\\/langbrovardshus.se\\\/wp-content\\\/uploads\\\/2019\\\/11\\\/logo-langbro-vansterstalld-vit.png\"},{\"@type\":\"BreadcrumbList\",\"@id\":\"https:\\\/\\\/langbrovardshus.se\\\/en\\\/the-kitchen\\\/the-restaurateur\\\/#breadcrumb\",\"itemListElement\":[{\"@type\":\"ListItem\",\"position\":1,\"name\":\"Home\",\"item\":\"https:\\\/\\\/langbrovardshus.se\\\/en\\\/\"},{\"@type\":\"ListItem\",\"position\":2,\"name\":\"The kitchen\",\"item\":\"https:\\\/\\\/langbrovardshus.se\\\/en\\\/koket\\\/\"},{\"@type\":\"ListItem\",\"position\":3,\"name\":\"The restaurateur\"}]},{\"@type\":\"WebSite\",\"@id\":\"https:\\\/\\\/langbrovardshus.se\\\/en\\\/#website\",\"url\":\"https:\\\/\\\/langbrovardshus.se\\\/en\\\/\",\"name\":\"L\u00e5ngbro V\u00e4rdshus\",\"description\":\"L\u00e5ngbro V\u00e4rdshus sk\u00f6na atmosf\u00e4r och personliga bem\u00f6tande i v\u00e4nlig milj\u00f6.\",\"potentialAction\":[{\"@type\":\"SearchAction\",\"target\":{\"@type\":\"EntryPoint\",\"urlTemplate\":\"https:\\\/\\\/langbrovardshus.se\\\/en\\\/?s={search_term_string}\"},\"query-input\":{\"@type\":\"PropertyValueSpecification\",\"valueRequired\":true,\"valueName\":\"search_term_string\"}}],\"inLanguage\":\"en-US\"}]}<\/script>\n<!-- \/ Yoast SEO plugin. -->","yoast_head_json":{"title":"Fredrik Eriksson \u2013 chef and restaurateur | L\u00e5ngbro v\u00e4rdshus","description":"As a guest at L\u00e5ngbro V\u00e4rdshus you'll get the opportunity to be a part of the creative cooking of Fredrik Eriksson, chef and restaurateur, whose passion for Swedish ingredients is what makes a visit here so memorable.","robots":{"index":"index","follow":"follow","max-snippet":"max-snippet:-1","max-image-preview":"max-image-preview:large","max-video-preview":"max-video-preview:-1"},"canonical":"https:\/\/langbrovardshus.se\/en\/the-kitchen\/the-restaurateur\/","og_locale":"en_US","og_type":"article","og_title":"Fredrik Eriksson \u2013 chef and restaurateur | L\u00e5ngbro v\u00e4rdshus","og_description":"As a guest at L\u00e5ngbro V\u00e4rdshus you'll get the opportunity to be a part of the creative cooking of Fredrik Eriksson, chef and restaurateur, whose passion for Swedish ingredients is what makes a visit here so memorable.","og_url":"https:\/\/langbrovardshus.se\/en\/the-kitchen\/the-restaurateur\/","og_site_name":"L\u00e5ngbro v\u00e4rdshus","article_publisher":"https:\/\/www.facebook.com\/langbrovardshus\/","article_modified_time":"2020-01-30T09:11:27+00:00","og_image":[{"url":"https:\/\/langbrovardshus.se\/wp-content\/uploads\/2019\/11\/logo-langbro-vansterstalld-vit.png","type":"","width":"","height":""}],"twitter_card":"summary_large_image","twitter_misc":{"Est. reading time":"7 minutes"},"schema":{"@context":"https:\/\/schema.org","@graph":[{"@type":"WebPage","@id":"https:\/\/langbrovardshus.se\/en\/the-kitchen\/the-restaurateur\/","url":"https:\/\/langbrovardshus.se\/en\/the-kitchen\/the-restaurateur\/","name":"Fredrik Eriksson \u2013 chef and restaurateur | L\u00e5ngbro v\u00e4rdshus","isPartOf":{"@id":"https:\/\/langbrovardshus.se\/en\/#website"},"primaryImageOfPage":{"@id":"https:\/\/langbrovardshus.se\/en\/the-kitchen\/the-restaurateur\/#primaryimage"},"image":{"@id":"https:\/\/langbrovardshus.se\/en\/the-kitchen\/the-restaurateur\/#primaryimage"},"thumbnailUrl":"https:\/\/langbrovardshus.se\/wp-content\/uploads\/2019\/11\/logo-langbro-vansterstalld-vit.png","datePublished":"2020-01-14T10:18:01+00:00","dateModified":"2020-01-30T09:11:27+00:00","description":"As a guest at L\u00e5ngbro V\u00e4rdshus you'll get the opportunity to be a part of the creative cooking of Fredrik Eriksson, chef and restaurateur, whose passion for Swedish ingredients is what makes a visit here so memorable.","breadcrumb":{"@id":"https:\/\/langbrovardshus.se\/en\/the-kitchen\/the-restaurateur\/#breadcrumb"},"inLanguage":"en-US","potentialAction":[{"@type":"ReadAction","target":["https:\/\/langbrovardshus.se\/en\/the-kitchen\/the-restaurateur\/"]}]},{"@type":"ImageObject","inLanguage":"en-US","@id":"https:\/\/langbrovardshus.se\/en\/the-kitchen\/the-restaurateur\/#primaryimage","url":"https:\/\/langbrovardshus.se\/wp-content\/uploads\/2019\/11\/logo-langbro-vansterstalld-vit.png","contentUrl":"https:\/\/langbrovardshus.se\/wp-content\/uploads\/2019\/11\/logo-langbro-vansterstalld-vit.png"},{"@type":"BreadcrumbList","@id":"https:\/\/langbrovardshus.se\/en\/the-kitchen\/the-restaurateur\/#breadcrumb","itemListElement":[{"@type":"ListItem","position":1,"name":"Home","item":"https:\/\/langbrovardshus.se\/en\/"},{"@type":"ListItem","position":2,"name":"The kitchen","item":"https:\/\/langbrovardshus.se\/en\/koket\/"},{"@type":"ListItem","position":3,"name":"The restaurateur"}]},{"@type":"WebSite","@id":"https:\/\/langbrovardshus.se\/en\/#website","url":"https:\/\/langbrovardshus.se\/en\/","name":"L\u00e5ngbro V\u00e4rdshus","description":"L\u00e5ngbro V\u00e4rdshus sk\u00f6na atmosf\u00e4r och personliga bem\u00f6tande i v\u00e4nlig milj\u00f6.","potentialAction":[{"@type":"SearchAction","target":{"@type":"EntryPoint","urlTemplate":"https:\/\/langbrovardshus.se\/en\/?s={search_term_string}"},"query-input":{"@type":"PropertyValueSpecification","valueRequired":true,"valueName":"search_term_string"}}],"inLanguage":"en-US"}]}},"_links":{"self":[{"href":"https:\/\/langbrovardshus.se\/en\/wp-json\/wp\/v2\/pages\/1155","targetHints":{"allow":["GET"]}}],"collection":[{"href":"https:\/\/langbrovardshus.se\/en\/wp-json\/wp\/v2\/pages"}],"about":[{"href":"https:\/\/langbrovardshus.se\/en\/wp-json\/wp\/v2\/types\/page"}],"author":[{"embeddable":true,"href":"https:\/\/langbrovardshus.se\/en\/wp-json\/wp\/v2\/users\/1"}],"replies":[{"embeddable":true,"href":"https:\/\/langbrovardshus.se\/en\/wp-json\/wp\/v2\/comments?post=1155"}],"version-history":[{"count":0,"href":"https:\/\/langbrovardshus.se\/en\/wp-json\/wp\/v2\/pages\/1155\/revisions"}],"up":[{"embeddable":true,"href":"https:\/\/langbrovardshus.se\/en\/wp-json\/wp\/v2\/pages\/1447"}],"wp:attachment":[{"href":"https:\/\/langbrovardshus.se\/en\/wp-json\/wp\/v2\/media?parent=1155"}],"curies":[{"name":"wp","href":"https:\/\/api.w.org\/{rel}","templated":true}]}}