{"id":1141,"date":"2020-01-13T13:42:42","date_gmt":"2020-01-13T12:42:42","guid":{"rendered":"https:\/\/langbrovardshus.se\/weddings\/"},"modified":"2024-10-24T14:54:18","modified_gmt":"2024-10-24T12:54:18","slug":"weddings","status":"publish","type":"page","link":"https:\/\/langbrovardshus.se\/en\/party\/weddings\/","title":{"rendered":"Weddings"},"content":{"rendered":"<p>[et_pb_section fb_built=&#8221;1&#8243; module_class=&#8221;section-aktuellt&#8221; _builder_version=&#8221;4.16&#8243; z_index_tablet=&#8221;500&#8243; box_shadow_horizontal_tablet=&#8221;0px&#8221; box_shadow_vertical_tablet=&#8221;0px&#8221; box_shadow_blur_tablet=&#8221;40px&#8221; box_shadow_spread_tablet=&#8221;0px&#8221; global_colors_info=&#8221;{}&#8221;][et_pb_row _builder_version=&#8221;4.16&#8243; global_colors_info=&#8221;{}&#8221;][et_pb_column type=&#8221;4_4&#8243; _builder_version=&#8221;4.16&#8243; global_colors_info=&#8221;{}&#8221;][et_pb_text _builder_version=&#8221;4.16&#8243; z_index_tablet=&#8221;500&#8243; text_text_shadow_horizontal_length_tablet=&#8221;0px&#8221; text_text_shadow_vertical_length_tablet=&#8221;0px&#8221; text_text_shadow_blur_strength_tablet=&#8221;1px&#8221; link_text_shadow_horizontal_length_tablet=&#8221;0px&#8221; link_text_shadow_vertical_length_tablet=&#8221;0px&#8221; link_text_shadow_blur_strength_tablet=&#8221;1px&#8221; ul_text_shadow_horizontal_length_tablet=&#8221;0px&#8221; ul_text_shadow_vertical_length_tablet=&#8221;0px&#8221; ul_text_shadow_blur_strength_tablet=&#8221;1px&#8221; ol_text_shadow_horizontal_length_tablet=&#8221;0px&#8221; ol_text_shadow_vertical_length_tablet=&#8221;0px&#8221; ol_text_shadow_blur_strength_tablet=&#8221;1px&#8221; quote_text_shadow_horizontal_length_tablet=&#8221;0px&#8221; quote_text_shadow_vertical_length_tablet=&#8221;0px&#8221; quote_text_shadow_blur_strength_tablet=&#8221;1px&#8221; header_text_shadow_horizontal_length_tablet=&#8221;0px&#8221; header_text_shadow_vertical_length_tablet=&#8221;0px&#8221; header_text_shadow_blur_strength_tablet=&#8221;1px&#8221; header_2_text_shadow_horizontal_length_tablet=&#8221;0px&#8221; header_2_text_shadow_vertical_length_tablet=&#8221;0px&#8221; header_2_text_shadow_blur_strength_tablet=&#8221;1px&#8221; header_3_text_shadow_horizontal_length_tablet=&#8221;0px&#8221; header_3_text_shadow_vertical_length_tablet=&#8221;0px&#8221; header_3_text_shadow_blur_strength_tablet=&#8221;1px&#8221; header_4_text_shadow_horizontal_length_tablet=&#8221;0px&#8221; header_4_text_shadow_vertical_length_tablet=&#8221;0px&#8221; header_4_text_shadow_blur_strength_tablet=&#8221;1px&#8221; header_5_text_shadow_horizontal_length_tablet=&#8221;0px&#8221; header_5_text_shadow_vertical_length_tablet=&#8221;0px&#8221; header_5_text_shadow_blur_strength_tablet=&#8221;1px&#8221; header_6_text_shadow_horizontal_length_tablet=&#8221;0px&#8221; header_6_text_shadow_vertical_length_tablet=&#8221;0px&#8221; header_6_text_shadow_blur_strength_tablet=&#8221;1px&#8221; box_shadow_horizontal_tablet=&#8221;0px&#8221; box_shadow_vertical_tablet=&#8221;0px&#8221; box_shadow_blur_tablet=&#8221;40px&#8221; box_shadow_spread_tablet=&#8221;0px&#8221; global_colors_info=&#8221;{}&#8221;]<\/p>\n<h1>Wedding<\/h1>\n<p>A wedding dinner at L\u00e5ngbro v\u00e4rdshus is perfect for wedding couples looking for a different experience than the usual wedding. We offer wedding dinners where the food, drinks and ingredients are the highlights of the evening. Our guests are newlyweds looking to invite family and friends to a memorable dinner rather than a large wedding feast. To create a lovely wedding meal according to your tastes, you get to tailor the dinner by cherrypicking dishes from wide range of festive dishes. We are of course happy to help you choose.<\/p>\n<p>A summer wedding for 20-70 people can start with a wedding ceremony in the park and a sparkling toast in the green surroundings, before moving on to the wedding dinner on the top floor of the restaurant. A winter wedding with dinner is a beautiful event where warm candlelight flickers while the night slowly settles over the snow-covered trees outside. We want to make your wedding dinner a memory for life.[\/et_pb_text][et_pb_code admin_label=&#8221;Bokningsf\u00f6rfr\u00e5gan knapp&#8221; _builder_version=&#8221;4.16&#8243; global_colors_info=&#8221;{}&#8221;]<pee style=\"text-align: center;\"><a class=\"btn btn-book\" href=\"https:\/\/langbrovardshus.se\/bokningsforfragan\/\">Bokningsf\u00f6rfr\u00e5gan<i class=\"icon icon-round icon-arrow-right-black\"><\/i><\/a><\/pee>[\/et_pb_code][et_pb_text disabled_on=&#8221;on|on|on&#8221; admin_label=&#8221;Festmeny&#8221; module_class=&#8221;meny-container&#8221; _builder_version=&#8221;4.16&#8243; disabled=&#8221;on&#8221; global_colors_info=&#8221;{}&#8221;]<\/p>\n<div>\n<div>\n<h2>Appetizers<\/h2>\n<\/div>\n<\/div>\n<h3>V\u00e4sterbotten cheese croustade<\/h3>\n<p>with Kalix vendance roe<strong> 45<\/strong><\/p>\n<h3>L\u00e5ngbros canapees<\/h3>\n<p>from <strong>45\/st<\/strong><\/p>\n<h3>Olives<\/h3>\n<p><strong>45<\/strong><\/p>\n<h3>Mixed nuts and almonds<\/h3>\n<p><strong>45<\/strong><\/p>\n<h2><strong>Starters<\/strong><\/h2>\n<h3>Preserved salsify<\/h3>\n<p>with baked egg, crispy celariac, cress and vinagrette with browned butter and truffel <strong>155<\/strong><\/p>\n<h3>L\u00e5ngbros herring and Baltic herring buffe<\/h3>\n<p>Served in plates at your table or on a buff\u00e9 at your preference <strong>155<\/strong><\/p>\n<h3>Half a lobster<\/h3>\n<p>served with toasted brioche and aioli <strong>245<\/strong><\/p>\n<h3>Soup of the season<\/h3>\n<p>Made of the best ingredients of the season and served with suitable garnish. <strong>Today\u2019s price<\/strong><\/p>\n<h3>Carpaccio made of swedish beef<\/h3>\n<p>served with cured swedish V\u00e4sterbottens cheese, pumpkin seeds, shalott <strong>\u00a0155<\/strong><\/p>\n<h3>Toast Skagen<\/h3>\n<p>with Kalix Vendace roe 135<\/p>\n<h3>Kalix Vendace roe 30 gram<\/h3>\n<p>with butter fried toast, smetana, red onion and lemon <strong>245<\/strong><\/p>\n<h3>Vegetarian starter<\/h3>\n<p>We create a &#8220;green&#8221; starter of the best ingridients our nature has to offer in season.<br \/> Examples may be spring&#8217;s first asparagus, late summer greens, autumn mushrooms, etc.<br \/> Price depending of ingridients <strong>135-195<\/strong><\/p>\n<h2>MAINS<\/h2>\n<h3>Panfried Cod<\/h3>\n<p>with spinache, sauce Hollandaise with browned butter, pickled cucumber and grated horseradish <strong>305<\/strong><\/p>\n<h3>Prime Chuck Casserole<\/h3>\n<p>with lemon, sage, artichoke and potato pur\u00e9e <strong>195<\/strong><br \/> Served to share in pots<\/p>\n<h3>Stuffed Guinea fowl breast<\/h3>\n<p>with creamed point cabbage, Cepe mushrooms, chicken broth and roastad Ratte potato <strong>265<\/strong><\/p>\n<h3>Grilled fillet of beef 180 gram<\/h3>\n<p>with baked point cabbage, pancetta, roasted fingerling potatoes and red wine sauce with tomatoes and olive oil <strong>375<br \/> <\/strong>(Served medium)<\/p>\n<h3>&#8220;Wallenbergare&#8221; Patties of veal<\/h3>\n<p>with potato pur\u00e9e, sugar pea salad, sweetened lingon berries and melted butter <strong>225<\/strong><\/p>\n<h3>Red wine braised brisket of beef<\/h3>\n<p>with pearl onions, champignons, smoked pork, and potato pur\u00e9e with horseradish <strong>195<\/strong><\/p>\n<h3>Main course of the season<\/h3>\n<p>Make your choice between panfried Pike-pearch or whole fried swedish Sirloin steak served with garnish that we create from the best ingridients of the season.\u00a0 Examples may be spring&#8217;s first asparagus, late summer greens, autumn mushrooms, etc.<br \/> Price depending of ingridients <strong>265-325<\/strong><\/p>\n<h3>Todays veggie<\/h3>\n<p>We offer our vegeterian main cours from the dinner a la carte. <strong>Today\u2019s price<\/strong><\/p>\n<p>&nbsp;<\/p>\n<h2>SWEETS<\/h2>\n<h3>Buffet of L\u00e5ngbros sweets,<\/h3>\n<p>pastries and cookies <strong>145<\/strong><\/p>\n<h3>A selection of cheese from Sweden and Europe,<\/h3>\n<p>crisp bread and compote. Served on plate or at a buff\u00e9 <strong>155<\/strong><\/p>\n<h3>Cr\u00e8me Br\u00fble\u00e9<\/h3>\n<p><strong>105<\/strong><\/p>\n<h3>Almond cake<\/h3>\n<p>with berries\u00a0 and vanilla ice cream <strong>120<\/strong><\/p>\n<h3>Chocolate brownie<\/h3>\n<p>with chocolate mousse, hazelnuts, raspberry sorbet and yohurt <strong>125<\/strong><\/p>\n<h3>Chocolate truffle<\/h3>\n<p>35<em><br \/> <\/em><\/p>\n<h3>Wedding cakes<\/h3>\n<h3>Classic swedish cakes<\/h3>\n<p>Princess cake, Schwarzwald cake or classic cream and berrie cake\u00a0<strong> 95 per person<\/strong><\/p>\n<h3>Fruit mousse cake from Handgjort Stockholm<\/h3>\n<p>Layer cake on marengue or cocolate marengue base <strong>95 per p<\/strong>erson<\/p>\n<p>&nbsp;<\/p>\n<p>Our prices includes linnen and simple floral arrangements<\/p>\n<p>&nbsp;<\/p>\n<p>[\/et_pb_text][\/et_pb_column][\/et_pb_row][\/et_pb_section][et_pb_section fb_built=&#8221;1&#8243; admin_label=&#8221;Sidfot&#8221; module_id=&#8221;sidfot&#8221; _builder_version=&#8221;4.16&#8243; custom_margin_tablet=&#8221;&#8221; custom_margin_phone=&#8221;&#8221; custom_margin_last_edited=&#8221;on|phone&#8221; custom_padding=&#8221;||||false|false&#8221; global_module=&#8221;239&#8243; saved_tabs=&#8221;all&#8221; collapsed=&#8221;off&#8221; global_colors_info=&#8221;{}&#8221;][et_pb_row admin_label=&#8221;Extra marginal ovanf\u00f6r sidfoten&#8221; _builder_version=&#8221;4.16&#8243; global_colors_info=&#8221;{}&#8221;][et_pb_column type=&#8221;4_4&#8243; _builder_version=&#8221;4.16&#8243; global_colors_info=&#8221;{}&#8221;][\/et_pb_column][\/et_pb_row][et_pb_row column_structure=&#8221;1_3,1_3,1_3&#8243; custom_padding_last_edited=&#8221;on|tablet&#8221; module_class=&#8221;row-footer&#8221; _builder_version=&#8221;4.16&#8243; custom_padding=&#8221;|6%||6%|false|false&#8221; custom_padding_tablet=&#8221;|||50px|false|false&#8221; custom_padding_phone=&#8221;&#8221; global_colors_info=&#8221;{}&#8221;][et_pb_column type=&#8221;1_3&#8243; _builder_version=&#8221;4.16&#8243; global_colors_info=&#8221;{}&#8221;][et_pb_text admin_label=&#8221;\u00d6ppettider sommar&#8221; module_id=&#8221;oppettider&#8221; _builder_version=&#8221;4.26.0&#8243; global_colors_info=&#8221;{}&#8221;]<\/p>\n<p><a class=\"btn\" href=\"https:\/\/langbrovardshus.se\/boka-bord-pa-langbro-vardshus\/\">Book a table<i class=\"icon icon-arrow-right\"><\/i><\/a><\/p>\n<h2>Opening hours,<br \/>August 5-16<\/h2>\n<p><strong>Lunch<\/strong><br \/>Monday &#8211; Friday 11:00 &#8211; 14:00<br \/>Saturday-Sunday \u00a0\u00c0 la carte lunch 12:00 &#8211; 14:00<\/p>\n<p><strong>\u00c0 la carte at the Glass Terrace (only drop in)<br \/><\/strong>Monday: closed<br \/>Tuesday &#8211; Saturday 17:00 &#8211; 21:30<br \/>Sunday 17:00 &#8211; 20:00<\/p>\n<p><strong>Outdoors Bar<br \/><\/strong>Monday: Lunch 11:00 -14:00<br \/>Tuesday &#8211; Friday: 11:00 &#8211; 23:00 (Bar food is served until 21:30)<br \/>Saturday: 12:00 &#8211; 23:00 (Bar food is served until 21:30)<br \/>Sunday: 12:00 &#8211; 21:30 (Bar food is served until 21:30)<\/p>\n<p>Subject to change due to weather, etc<\/p>\n<p>[\/et_pb_text][et_pb_text disabled_on=&#8221;on|on|on&#8221; admin_label=&#8221;\u00d6ppettider&#8221; module_id=&#8221;oppettider&#8221; _builder_version=&#8221;4.26.0&#8243; disabled=&#8221;on&#8221; global_colors_info=&#8221;{}&#8221;]<\/p>\n<p><a class=\"btn\" href=\"https:\/\/langbrovardshus.se\/boka-bord-pa-langbro-vardshus\/\">Book a table<i class=\"icon icon-arrow-right\"><\/i><\/a><\/p>\n<h2>Opening hours<\/h2>\n<p><strong>Lunch<\/strong><br \/>Monday &#8211; Friday 11:00 &#8211; 14:00<\/p>\n<p><strong>Evening Menu<br \/><\/strong>Tuesday &#8211; Saturday 17:00 &#8211; 21:30<\/p>\n<p><strong>Brunch<br \/><\/strong>Saturday 11:30 &#8211; 16:00<br \/>Sunday 11:30 &#8211; 16:15<\/p>\n<p><strong>Bar menu<br \/><\/strong>Tuesday &#8211; Friday 14:30 &#8211; 21:30<br \/>Saturday 12:00 &#8211; 21:30<br \/>Sunday 12:00 &#8211; 16:00<\/p>\n<p><strong>Bar (drinks)<br \/><\/strong>Monday 11:00 &#8211; 14:00<br \/>Tuesday &#8211; Friday 11:00 &#8211; 23:00<br \/>Saturday 12:00 &#8211; 23:00<br \/>Sunday 12:00 &#8211; 17:00<\/p>\n<p>Subject to change due to weather, etc<\/p>\n<p>[\/et_pb_text][\/et_pb_column][et_pb_column type=&#8221;1_3&#8243; _builder_version=&#8221;4.16&#8243; global_colors_info=&#8221;{}&#8221;][et_pb_text admin_label=&#8221;Hitta hit&#8221; _builder_version=&#8221;4.23.4&#8243; global_colors_info=&#8221;{}&#8221;]<\/p>\n<p><a class=\"btn\" href=\"https:\/\/langbrovardshus.se\/en\/manor-of-the-chief-physician\/getting-to-langbro-vardshus\/\">Getting here<i class=\"icon icon-map-pin\"><\/i><\/a><\/p>\n<h2>Address<\/h2>\n<p><a href=\"https:\/\/goo.gl\/maps\/CrkTMGJN76Z1g4Fd9\" target=\"_blank\" rel=\"noopener noreferrer\">Stora mans v\u00e4g 4<br \/>125 59 \u00c4lvsj\u00f6<\/a><\/p>\n<p>&nbsp;<\/p>\n<h2>Contact<\/h2>\n<p><a href=\"mailto:info@langbrovardshus.se\">info@langbrovardshus.se<\/a><br \/>Tel: <a href=\"tel:+4686460050\">08-646 00 50<\/a><\/p>\n<p>[\/et_pb_text][\/et_pb_column][et_pb_column type=&#8221;1_3&#8243; _builder_version=&#8221;4.16&#8243; global_colors_info=&#8221;{}&#8221;][et_pb_text admin_label=&#8221;L\u00e4nkar&#8221; _builder_version=&#8221;4.16&#8243; global_colors_info=&#8221;{}&#8221;]<\/p>\n<h2>Our restaurants<\/h2>\n<p><a class=\"btn btn-logo-national\" href=\"https:\/\/www.nationalmuseum.se\/bes%C3%B6k-museet\/restaurangen\">Nationalmus\u00e9um<\/a><\/p>\n<p><img loading=\"lazy\" decoding=\"async\" class=\"wp-image-1642 alignnone size-full\" src=\"https:\/\/langbrovardshus.se\/wp-content\/uploads\/2019\/11\/logo-langbro-vansterstalld-vit.png\" alt=\"\" width=\"104\" height=\"29\" \/><\/p>\n<p>[\/et_pb_text][\/et_pb_column][\/et_pb_row][et_pb_row _builder_version=&#8221;4.17.6&#8243; custom_padding=&#8221;0px||0px||false|false&#8221; global_colors_info=&#8221;{}&#8221;][et_pb_column type=&#8221;4_4&#8243; _builder_version=&#8221;4.16&#8243; global_colors_info=&#8221;{}&#8221;][et_pb_code admin_label=&#8221;Sociala media-knappar&#8221; module_class=&#8221;social-media-container&#8221; _builder_version=&#8221;4.16&#8243; global_colors_info=&#8221;{}&#8221;]<pee><a class=\"facebook\" href=\"https:\/\/www.facebook.com\/langbrovardshus\/\" target=\"_blank\" rel=\"nofollow noopener noreferrer\">Follow L\u00e5ngbro v\u00e4rdshus on Facebook<\/a><\/pee><!-- [et_pb_line_break_holder] --><!-- [et_pb_line_break_holder] --><!-- [et_pb_line_break_holder] --><pee><a class=\"instagram\" href=\"https:\/\/www.instagram.com\/langbrovardshus\/\" target=\"_blank\" rel=\"nofollow noopener noreferrer\">Follow L\u00e5ngbro v\u00e4rdshus on Instagram<\/a><\/pee><!-- [et_pb_line_break_holder] --><!-- [et_pb_line_break_holder] --><!-- [et_pb_line_break_holder] -->[\/et_pb_code][\/et_pb_column][\/et_pb_row][\/et_pb_section]<\/p>\n","protected":false},"excerpt":{"rendered":"<p>Wedding A wedding dinner at L\u00e5ngbro v\u00e4rdshus is perfect for wedding couples looking for a different experience than the usual wedding. We offer wedding dinners where the food, drinks and ingredients are the highlights of the evening. Our guests are newlyweds looking to invite family and friends to a memorable dinner rather than a large [&hellip;]<\/p>\n","protected":false},"author":1,"featured_media":0,"parent":1429,"menu_order":0,"comment_status":"closed","ping_status":"closed","template":"","meta":{"_et_pb_use_builder":"on","_et_pb_old_content":"","_et_gb_content_width":"","footnotes":"","_wp_rev_ctl_limit":""},"class_list":["post-1141","page","type-page","status-publish","hentry"],"yoast_head":"<!-- This site is optimized with the Yoast SEO plugin v27.3 - https:\/\/yoast.com\/product\/yoast-seo-wordpress\/ -->\n<title>Weddings where the dinner is the highlight | L\u00e5ngbro v\u00e4rdshus<\/title>\n<meta name=\"description\" content=\"A wedding dinner at L\u00e5ngbro v\u00e4rdshus is perfect for wedding couples looking for a different experience than the usual wedding. We offer wedding dinners where the food, drinks and ingredients are the highlights of the evening.\" \/>\n<meta name=\"robots\" content=\"index, follow, max-snippet:-1, max-image-preview:large, max-video-preview:-1\" \/>\n<link rel=\"canonical\" href=\"https:\/\/langbrovardshus.se\/en\/party\/weddings\/\" \/>\n<meta property=\"og:locale\" content=\"en_US\" \/>\n<meta property=\"og:type\" content=\"article\" \/>\n<meta property=\"og:title\" content=\"Weddings where the dinner is the highlight | L\u00e5ngbro v\u00e4rdshus\" \/>\n<meta property=\"og:description\" content=\"A wedding dinner at L\u00e5ngbro v\u00e4rdshus is perfect for wedding couples looking for a different experience than the usual wedding. We offer wedding dinners where the food, drinks and ingredients are the highlights of the evening.\" \/>\n<meta property=\"og:url\" content=\"https:\/\/langbrovardshus.se\/en\/party\/weddings\/\" \/>\n<meta property=\"og:site_name\" content=\"L\u00e5ngbro v\u00e4rdshus\" \/>\n<meta property=\"article:publisher\" content=\"https:\/\/www.facebook.com\/langbrovardshus\/\" \/>\n<meta property=\"article:modified_time\" content=\"2024-10-24T12:54:18+00:00\" \/>\n<meta property=\"og:image\" content=\"https:\/\/langbrovardshus.se\/wp-content\/uploads\/2019\/11\/logo-langbro-vansterstalld-vit.png\" \/>\n<meta name=\"twitter:card\" content=\"summary_large_image\" \/>\n<meta name=\"twitter:label1\" content=\"Est. reading time\" \/>\n\t<meta name=\"twitter:data1\" content=\"2 minutes\" \/>\n<script type=\"application\/ld+json\" class=\"yoast-schema-graph\">{\"@context\":\"https:\\\/\\\/schema.org\",\"@graph\":[{\"@type\":\"WebPage\",\"@id\":\"https:\\\/\\\/langbrovardshus.se\\\/en\\\/party\\\/weddings\\\/\",\"url\":\"https:\\\/\\\/langbrovardshus.se\\\/en\\\/party\\\/weddings\\\/\",\"name\":\"Weddings where the dinner is the highlight | L\u00e5ngbro v\u00e4rdshus\",\"isPartOf\":{\"@id\":\"https:\\\/\\\/langbrovardshus.se\\\/en\\\/#website\"},\"primaryImageOfPage\":{\"@id\":\"https:\\\/\\\/langbrovardshus.se\\\/en\\\/party\\\/weddings\\\/#primaryimage\"},\"image\":{\"@id\":\"https:\\\/\\\/langbrovardshus.se\\\/en\\\/party\\\/weddings\\\/#primaryimage\"},\"thumbnailUrl\":\"https:\\\/\\\/langbrovardshus.se\\\/wp-content\\\/uploads\\\/2019\\\/11\\\/logo-langbro-vansterstalld-vit.png\",\"datePublished\":\"2020-01-13T12:42:42+00:00\",\"dateModified\":\"2024-10-24T12:54:18+00:00\",\"description\":\"A wedding dinner at L\u00e5ngbro v\u00e4rdshus is perfect for wedding couples looking for a different experience than the usual wedding. We offer wedding dinners where the food, drinks and ingredients are the highlights of the evening.\",\"breadcrumb\":{\"@id\":\"https:\\\/\\\/langbrovardshus.se\\\/en\\\/party\\\/weddings\\\/#breadcrumb\"},\"inLanguage\":\"en-US\",\"potentialAction\":[{\"@type\":\"ReadAction\",\"target\":[\"https:\\\/\\\/langbrovardshus.se\\\/en\\\/party\\\/weddings\\\/\"]}]},{\"@type\":\"ImageObject\",\"inLanguage\":\"en-US\",\"@id\":\"https:\\\/\\\/langbrovardshus.se\\\/en\\\/party\\\/weddings\\\/#primaryimage\",\"url\":\"https:\\\/\\\/langbrovardshus.se\\\/wp-content\\\/uploads\\\/2019\\\/11\\\/logo-langbro-vansterstalld-vit.png\",\"contentUrl\":\"https:\\\/\\\/langbrovardshus.se\\\/wp-content\\\/uploads\\\/2019\\\/11\\\/logo-langbro-vansterstalld-vit.png\"},{\"@type\":\"BreadcrumbList\",\"@id\":\"https:\\\/\\\/langbrovardshus.se\\\/en\\\/party\\\/weddings\\\/#breadcrumb\",\"itemListElement\":[{\"@type\":\"ListItem\",\"position\":1,\"name\":\"Home\",\"item\":\"https:\\\/\\\/langbrovardshus.se\\\/en\\\/\"},{\"@type\":\"ListItem\",\"position\":2,\"name\":\"Party\",\"item\":\"https:\\\/\\\/langbrovardshus.se\\\/en\\\/fest\\\/\"},{\"@type\":\"ListItem\",\"position\":3,\"name\":\"Weddings\"}]},{\"@type\":\"WebSite\",\"@id\":\"https:\\\/\\\/langbrovardshus.se\\\/en\\\/#website\",\"url\":\"https:\\\/\\\/langbrovardshus.se\\\/en\\\/\",\"name\":\"L\u00e5ngbro V\u00e4rdshus\",\"description\":\"L\u00e5ngbro V\u00e4rdshus sk\u00f6na atmosf\u00e4r och personliga bem\u00f6tande i v\u00e4nlig milj\u00f6.\",\"potentialAction\":[{\"@type\":\"SearchAction\",\"target\":{\"@type\":\"EntryPoint\",\"urlTemplate\":\"https:\\\/\\\/langbrovardshus.se\\\/en\\\/?s={search_term_string}\"},\"query-input\":{\"@type\":\"PropertyValueSpecification\",\"valueRequired\":true,\"valueName\":\"search_term_string\"}}],\"inLanguage\":\"en-US\"}]}<\/script>\n<!-- \/ Yoast SEO plugin. -->","yoast_head_json":{"title":"Weddings where the dinner is the highlight | L\u00e5ngbro v\u00e4rdshus","description":"A wedding dinner at L\u00e5ngbro v\u00e4rdshus is perfect for wedding couples looking for a different experience than the usual wedding. We offer wedding dinners where the food, drinks and ingredients are the highlights of the evening.","robots":{"index":"index","follow":"follow","max-snippet":"max-snippet:-1","max-image-preview":"max-image-preview:large","max-video-preview":"max-video-preview:-1"},"canonical":"https:\/\/langbrovardshus.se\/en\/party\/weddings\/","og_locale":"en_US","og_type":"article","og_title":"Weddings where the dinner is the highlight | L\u00e5ngbro v\u00e4rdshus","og_description":"A wedding dinner at L\u00e5ngbro v\u00e4rdshus is perfect for wedding couples looking for a different experience than the usual wedding. We offer wedding dinners where the food, drinks and ingredients are the highlights of the evening.","og_url":"https:\/\/langbrovardshus.se\/en\/party\/weddings\/","og_site_name":"L\u00e5ngbro v\u00e4rdshus","article_publisher":"https:\/\/www.facebook.com\/langbrovardshus\/","article_modified_time":"2024-10-24T12:54:18+00:00","og_image":[{"url":"https:\/\/langbrovardshus.se\/wp-content\/uploads\/2019\/11\/logo-langbro-vansterstalld-vit.png","type":"","width":"","height":""}],"twitter_card":"summary_large_image","twitter_misc":{"Est. reading time":"2 minutes"},"schema":{"@context":"https:\/\/schema.org","@graph":[{"@type":"WebPage","@id":"https:\/\/langbrovardshus.se\/en\/party\/weddings\/","url":"https:\/\/langbrovardshus.se\/en\/party\/weddings\/","name":"Weddings where the dinner is the highlight | L\u00e5ngbro v\u00e4rdshus","isPartOf":{"@id":"https:\/\/langbrovardshus.se\/en\/#website"},"primaryImageOfPage":{"@id":"https:\/\/langbrovardshus.se\/en\/party\/weddings\/#primaryimage"},"image":{"@id":"https:\/\/langbrovardshus.se\/en\/party\/weddings\/#primaryimage"},"thumbnailUrl":"https:\/\/langbrovardshus.se\/wp-content\/uploads\/2019\/11\/logo-langbro-vansterstalld-vit.png","datePublished":"2020-01-13T12:42:42+00:00","dateModified":"2024-10-24T12:54:18+00:00","description":"A wedding dinner at L\u00e5ngbro v\u00e4rdshus is perfect for wedding couples looking for a different experience than the usual wedding. We offer wedding dinners where the food, drinks and ingredients are the highlights of the evening.","breadcrumb":{"@id":"https:\/\/langbrovardshus.se\/en\/party\/weddings\/#breadcrumb"},"inLanguage":"en-US","potentialAction":[{"@type":"ReadAction","target":["https:\/\/langbrovardshus.se\/en\/party\/weddings\/"]}]},{"@type":"ImageObject","inLanguage":"en-US","@id":"https:\/\/langbrovardshus.se\/en\/party\/weddings\/#primaryimage","url":"https:\/\/langbrovardshus.se\/wp-content\/uploads\/2019\/11\/logo-langbro-vansterstalld-vit.png","contentUrl":"https:\/\/langbrovardshus.se\/wp-content\/uploads\/2019\/11\/logo-langbro-vansterstalld-vit.png"},{"@type":"BreadcrumbList","@id":"https:\/\/langbrovardshus.se\/en\/party\/weddings\/#breadcrumb","itemListElement":[{"@type":"ListItem","position":1,"name":"Home","item":"https:\/\/langbrovardshus.se\/en\/"},{"@type":"ListItem","position":2,"name":"Party","item":"https:\/\/langbrovardshus.se\/en\/fest\/"},{"@type":"ListItem","position":3,"name":"Weddings"}]},{"@type":"WebSite","@id":"https:\/\/langbrovardshus.se\/en\/#website","url":"https:\/\/langbrovardshus.se\/en\/","name":"L\u00e5ngbro V\u00e4rdshus","description":"L\u00e5ngbro V\u00e4rdshus sk\u00f6na atmosf\u00e4r och personliga bem\u00f6tande i v\u00e4nlig milj\u00f6.","potentialAction":[{"@type":"SearchAction","target":{"@type":"EntryPoint","urlTemplate":"https:\/\/langbrovardshus.se\/en\/?s={search_term_string}"},"query-input":{"@type":"PropertyValueSpecification","valueRequired":true,"valueName":"search_term_string"}}],"inLanguage":"en-US"}]}},"_links":{"self":[{"href":"https:\/\/langbrovardshus.se\/en\/wp-json\/wp\/v2\/pages\/1141","targetHints":{"allow":["GET"]}}],"collection":[{"href":"https:\/\/langbrovardshus.se\/en\/wp-json\/wp\/v2\/pages"}],"about":[{"href":"https:\/\/langbrovardshus.se\/en\/wp-json\/wp\/v2\/types\/page"}],"author":[{"embeddable":true,"href":"https:\/\/langbrovardshus.se\/en\/wp-json\/wp\/v2\/users\/1"}],"replies":[{"embeddable":true,"href":"https:\/\/langbrovardshus.se\/en\/wp-json\/wp\/v2\/comments?post=1141"}],"version-history":[{"count":0,"href":"https:\/\/langbrovardshus.se\/en\/wp-json\/wp\/v2\/pages\/1141\/revisions"}],"up":[{"embeddable":true,"href":"https:\/\/langbrovardshus.se\/en\/wp-json\/wp\/v2\/pages\/1429"}],"wp:attachment":[{"href":"https:\/\/langbrovardshus.se\/en\/wp-json\/wp\/v2\/media?parent=1141"}],"curies":[{"name":"wp","href":"https:\/\/api.w.org\/{rel}","templated":true}]}}